{"id":10636,"date":"2021-04-30T15:15:33","date_gmt":"2021-04-30T13:15:33","guid":{"rendered":"https:\/\/www.bunterwaesche.com\/shop_ch\/?post_type=product&#038;p=10636"},"modified":"2026-01-29T14:03:26","modified_gmt":"2026-01-29T13:03:26","slug":"top-mit-pads-weiss","status":"publish","type":"product","link":"https:\/\/www.bunterwaesche.com\/shop_ch\/produkt\/top-mit-pads-weiss\/","title":{"rendered":"Top mit Pads weiss"},"content":{"rendered":"<p>weisses Tr\u00e4gertop f\u00fcr Damen<br \/>\naus der SCHIESSER-Serie &#8222;&#8220;Invisible Soft&#8220;&#8220;<br \/>\nmit herausnehmbaren Pads f\u00fcr perfekten Halt<br \/>\nV-Ausschnitt<br \/>\nunsichtbar selbst unter eng anliegender Kleidung<br \/>\nin extra-softer, elastischer Microfaser-Qualit\u00e4t mit Peach-Finish<br \/>\nMaterial<br \/>\n75% PA, 25% EL<\/p>\n","protected":false},"excerpt":{"rendered":"<p>weisses Tr\u00e4gertop f\u00fcr Damen aus der SCHIESSER-Serie &#8222;&#8220;Invisible Soft&#8220;&#8220; mit herausnehmbaren Pads f\u00fcr perfekten Halt V-Ausschnitt unsichtbar selbst unter eng anliegender Kleidung in extra-softer, elastischer Microfaser-Qualit\u00e4t mit Peach-Finish Material 75% PA, 25% EL<\/p>\n","protected":false},"featured_media":24762,"template":"","meta":[],"product_brand":[],"product_cat":[433],"product_tag":[298,91],"class_list":{"0":"post-10636","1":"product","2":"type-product","3":"status-publish","4":"has-post-thumbnail","6":"product_cat-schiesser","7":"product_tag-weiss","8":"product_tag-white","9":"pa_groesse-l","10":"pa_groesse-m","11":"pa_groesse-s","12":"pa_groesse-xl","13":"pa_groesse-xs","14":"pa_groesse-xxl","16":"first","17":"instock","18":"taxable","19":"shipping-taxable","20":"purchasable","21":"product-type-variable"},"_links":{"self":[{"href":"https:\/\/www.bunterwaesche.com\/shop_ch\/wp-json\/wp\/v2\/product\/10636","targetHints":{"allow":["GET"]}}],"collection":[{"href":"https:\/\/www.bunterwaesche.com\/shop_ch\/wp-json\/wp\/v2\/product"}],"about":[{"href":"https:\/\/www.bunterwaesche.com\/shop_ch\/wp-json\/wp\/v2\/types\/product"}],"wp:featuredmedia":[{"embeddable":true,"href":"https:\/\/www.bunterwaesche.com\/shop_ch\/wp-json\/wp\/v2\/media\/24762"}],"wp:attachment":[{"href":"https:\/\/www.bunterwaesche.com\/shop_ch\/wp-json\/wp\/v2\/media?parent=10636"}],"wp:term":[{"taxonomy":"product_brand","embeddable":true,"href":"https:\/\/www.bunterwaesche.com\/shop_ch\/wp-json\/wp\/v2\/product_brand?post=10636"},{"taxonomy":"product_cat","embeddable":true,"href":"https:\/\/www.bunterwaesche.com\/shop_ch\/wp-json\/wp\/v2\/product_cat?post=10636"},{"taxonomy":"product_tag","embeddable":true,"href":"https:\/\/www.bunterwaesche.com\/shop_ch\/wp-json\/wp\/v2\/product_tag?post=10636"}],"curies":[{"name":"wp","href":"https:\/\/api.w.org\/{rel}","templated":true}]}}