{"id":10643,"date":"2021-04-30T15:15:58","date_gmt":"2021-04-30T13:15:58","guid":{"rendered":"https:\/\/www.bunterwaesche.com\/shop_ch\/?post_type=product&#038;p=10643"},"modified":"2025-08-28T16:06:24","modified_gmt":"2025-08-28T14:06:24","slug":"top-mit-pads-nude","status":"publish","type":"product","link":"https:\/\/www.bunterwaesche.com\/shop_ch\/produkt\/top-mit-pads-nude\/","title":{"rendered":"Top mit Pads nude"},"content":{"rendered":"<p>sandfarbenes Tr\u00e4gertop f\u00fcr Damen<\/p>\n<p>mit herausnehmbaren Pads f\u00fcr perfekten Halt<br \/>\nV-Ausschnitt<br \/>\nunsichtbar selbst unter eng anliegender Kleidung<br \/>\nin extra-softer, elastischer Microfaser-Qualit\u00e4t mit Peach-Finish<br \/>\nMaterial<br \/>\n75% PA, 25% EL<\/p>\n","protected":false},"excerpt":{"rendered":"<p>sandfarbenes Tr\u00e4gertop f\u00fcr Damen mit herausnehmbaren Pads f\u00fcr perfekten Halt V-Ausschnitt unsichtbar selbst unter eng anliegender Kleidung in extra-softer, elastischer Microfaser-Qualit\u00e4t mit Peach-Finish Material 75% PA, 25% EL<\/p>\n","protected":false},"featured_media":10651,"template":"","meta":[],"product_brand":[],"product_cat":[433],"product_tag":[192,211,297,93],"class_list":{"0":"post-10643","1":"product","2":"type-product","3":"status-publish","4":"has-post-thumbnail","6":"product_cat-schiesser","7":"product_tag-beige","8":"product_tag-blush","9":"product_tag-nude","10":"product_tag-sand","11":"pa_groesse-l","12":"pa_groesse-m","13":"pa_groesse-s","14":"pa_groesse-xl","15":"pa_groesse-xs","16":"pa_groesse-xxl","18":"first","19":"instock","20":"taxable","21":"shipping-taxable","22":"purchasable","23":"product-type-variable"},"_links":{"self":[{"href":"https:\/\/www.bunterwaesche.com\/shop_ch\/wp-json\/wp\/v2\/product\/10643","targetHints":{"allow":["GET"]}}],"collection":[{"href":"https:\/\/www.bunterwaesche.com\/shop_ch\/wp-json\/wp\/v2\/product"}],"about":[{"href":"https:\/\/www.bunterwaesche.com\/shop_ch\/wp-json\/wp\/v2\/types\/product"}],"wp:featuredmedia":[{"embeddable":true,"href":"https:\/\/www.bunterwaesche.com\/shop_ch\/wp-json\/wp\/v2\/media\/10651"}],"wp:attachment":[{"href":"https:\/\/www.bunterwaesche.com\/shop_ch\/wp-json\/wp\/v2\/media?parent=10643"}],"wp:term":[{"taxonomy":"product_brand","embeddable":true,"href":"https:\/\/www.bunterwaesche.com\/shop_ch\/wp-json\/wp\/v2\/product_brand?post=10643"},{"taxonomy":"product_cat","embeddable":true,"href":"https:\/\/www.bunterwaesche.com\/shop_ch\/wp-json\/wp\/v2\/product_cat?post=10643"},{"taxonomy":"product_tag","embeddable":true,"href":"https:\/\/www.bunterwaesche.com\/shop_ch\/wp-json\/wp\/v2\/product_tag?post=10643"}],"curies":[{"name":"wp","href":"https:\/\/api.w.org\/{rel}","templated":true}]}}