{"id":10683,"date":"2021-04-30T17:36:20","date_gmt":"2021-04-30T15:36:20","guid":{"rendered":"https:\/\/www.bunterwaesche.com\/shop_ch\/?post_type=product&#038;p=10683"},"modified":"2025-08-28T16:06:44","modified_gmt":"2025-08-28T14:06:44","slug":"invisible-slip-lace-nude","status":"publish","type":"product","link":"https:\/\/www.bunterwaesche.com\/shop_ch\/produkt\/invisible-slip-lace-nude\/","title":{"rendered":"Invisible Slip lace nude"},"content":{"rendered":"<p>Bequem, feminin und in bester Qualit\u00e4t &#8211; dieser Damenslip aus der &#8222;Invisible Lace&#8220;-Serie ist ein wahrer Allesk\u00f6nner! Ganz nach dem Motto &#8222;Ein sch\u00f6ner R\u00fccken kann auch entz\u00fccken&#8220; trumpft die Unterhose mit einem charmanten Aha-Effekt: Vorne sorgt extra-softe Microfaser mit Peach-Finish f\u00fcr ein komfortables Tragegef\u00fchl, w\u00e4hrend der R\u00fcckteil aus floraler, transparenter Spitze besteht. Die besonders flachen Abschl\u00fcsse setzen die i-T\u00fcpfelchen und machen aus dem Slip einen absolutes Lieblingsst\u00fcck!<\/p>\n<p>Vorderteil aus extra-softer Microfaser mit Peach-Finish<br \/>\nR\u00fcckteil aus weicher, wundersch\u00f6ner Spitze<br \/>\nbesonders flache Bein- und Bundabschl\u00fcsse f\u00fcr hohen Tragekomfort<br \/>\nperfekte Passform durch nicht st\u00f6rende Mittelnaht am Ges\u00e4\u00df<br \/>\nin herrlich bequemer, elastischer Single-Jersey-Qualit\u00e4t mit Spitze<\/p>\n","protected":false},"excerpt":{"rendered":"<p>Bequem, feminin und in bester Qualit\u00e4t &#8211; dieser Damenslip aus der &#8222;Invisible Lace&#8220;-Serie ist ein wahrer Allesk\u00f6nner! Ganz nach dem Motto &#8222;Ein sch\u00f6ner R\u00fccken kann auch entz\u00fccken&#8220; trumpft die Unterhose mit einem charmanten Aha-Effekt: Vorne sorgt extra-softe Microfaser mit Peach-Finish f\u00fcr ein komfortables Tragegef\u00fchl, w\u00e4hrend der R\u00fcckteil aus floraler, transparenter Spitze besteht. Die besonders flachen [&hellip;]<\/p>\n","protected":false},"featured_media":12850,"template":"","meta":[],"product_brand":[],"product_cat":[433],"product_tag":[211,255,157,297,93,246],"class_list":{"0":"post-10683","1":"product","2":"type-product","3":"status-publish","4":"has-post-thumbnail","6":"product_cat-schiesser","7":"product_tag-blush","8":"product_tag-hautfarben","9":"product_tag-lace","10":"product_tag-nude","11":"product_tag-sand","12":"product_tag-slip","13":"pa_groesse-l","14":"pa_groesse-m","15":"pa_groesse-s","16":"pa_groesse-xl","17":"pa_groesse-xs","18":"pa_groesse-xxl","20":"first","21":"instock","22":"taxable","23":"shipping-taxable","24":"purchasable","25":"product-type-variable"},"_links":{"self":[{"href":"https:\/\/www.bunterwaesche.com\/shop_ch\/wp-json\/wp\/v2\/product\/10683","targetHints":{"allow":["GET"]}}],"collection":[{"href":"https:\/\/www.bunterwaesche.com\/shop_ch\/wp-json\/wp\/v2\/product"}],"about":[{"href":"https:\/\/www.bunterwaesche.com\/shop_ch\/wp-json\/wp\/v2\/types\/product"}],"wp:featuredmedia":[{"embeddable":true,"href":"https:\/\/www.bunterwaesche.com\/shop_ch\/wp-json\/wp\/v2\/media\/12850"}],"wp:attachment":[{"href":"https:\/\/www.bunterwaesche.com\/shop_ch\/wp-json\/wp\/v2\/media?parent=10683"}],"wp:term":[{"taxonomy":"product_brand","embeddable":true,"href":"https:\/\/www.bunterwaesche.com\/shop_ch\/wp-json\/wp\/v2\/product_brand?post=10683"},{"taxonomy":"product_cat","embeddable":true,"href":"https:\/\/www.bunterwaesche.com\/shop_ch\/wp-json\/wp\/v2\/product_cat?post=10683"},{"taxonomy":"product_tag","embeddable":true,"href":"https:\/\/www.bunterwaesche.com\/shop_ch\/wp-json\/wp\/v2\/product_tag?post=10683"}],"curies":[{"name":"wp","href":"https:\/\/api.w.org\/{rel}","templated":true}]}}