{"id":15793,"date":"2022-11-24T10:33:18","date_gmt":"2022-11-24T09:33:18","guid":{"rendered":"https:\/\/www.bunterwaesche.com\/shop_ch\/?post_type=product&#038;p=15793"},"modified":"2022-11-24T10:37:01","modified_gmt":"2022-11-24T09:37:01","slug":"filzpantoffeln-wildfree-haselnuss","status":"publish","type":"product","link":"https:\/\/www.bunterwaesche.com\/shop_ch\/produkt\/filzpantoffeln-wildfree-haselnuss\/","title":{"rendered":"Filzpantoffeln Wild&#038;Free haselnuss"},"content":{"rendered":"<p>Die Adelheid Filzpantoffeln sind nicht nur das unverkennbare Original unter den Pantoffeln, sondern zugleich auch eine echte Wohltat f\u00fcr deine F\u00fc\u00dfe.<\/p>\n<p>Besteht aus italienischem Wollfilz<br \/>\nDer robuste Wollfilz aus Italien hat einerseits w\u00e4rmende und d\u00e4mpfende Eigenschaften, f\u00fchlt sich zugleich aber noch kuschelig warm an und h\u00e4lt die F\u00fc\u00dfe auch an sehr kalten Tagen mollig warm.<\/p>\n<p>Wird in einer Manufaktur in Portugal hergestellt<\/p>\n","protected":false},"excerpt":{"rendered":"<p>Die Adelheid Filzpantoffeln sind nicht nur das unverkennbare Original unter den Pantoffeln, sondern zugleich auch eine echte Wohltat f\u00fcr deine F\u00fc\u00dfe. Besteht aus italienischem Wollfilz Der robuste Wollfilz aus Italien hat einerseits w\u00e4rmende und d\u00e4mpfende Eigenschaften, f\u00fchlt sich zugleich aber noch kuschelig warm an und h\u00e4lt die F\u00fc\u00dfe auch an sehr kalten Tagen mollig warm. [&hellip;]<\/p>\n","protected":false},"featured_media":15817,"template":"","meta":[],"product_brand":[],"product_cat":[185],"product_tag":[],"class_list":{"0":"post-15793","1":"product","2":"type-product","3":"status-publish","4":"has-post-thumbnail","6":"product_cat-pantoffeln","7":"pa_groesse-36-37","8":"pa_groesse-38-39","9":"pa_groesse-40-41","10":"pa_groesse-42-43","11":"pa_groesse-44-45","12":"pa_groesse-46-47","14":"first","15":"instock","16":"taxable","17":"shipping-taxable","18":"purchasable","19":"product-type-variable"},"_links":{"self":[{"href":"https:\/\/www.bunterwaesche.com\/shop_ch\/wp-json\/wp\/v2\/product\/15793","targetHints":{"allow":["GET"]}}],"collection":[{"href":"https:\/\/www.bunterwaesche.com\/shop_ch\/wp-json\/wp\/v2\/product"}],"about":[{"href":"https:\/\/www.bunterwaesche.com\/shop_ch\/wp-json\/wp\/v2\/types\/product"}],"wp:featuredmedia":[{"embeddable":true,"href":"https:\/\/www.bunterwaesche.com\/shop_ch\/wp-json\/wp\/v2\/media\/15817"}],"wp:attachment":[{"href":"https:\/\/www.bunterwaesche.com\/shop_ch\/wp-json\/wp\/v2\/media?parent=15793"}],"wp:term":[{"taxonomy":"product_brand","embeddable":true,"href":"https:\/\/www.bunterwaesche.com\/shop_ch\/wp-json\/wp\/v2\/product_brand?post=15793"},{"taxonomy":"product_cat","embeddable":true,"href":"https:\/\/www.bunterwaesche.com\/shop_ch\/wp-json\/wp\/v2\/product_cat?post=15793"},{"taxonomy":"product_tag","embeddable":true,"href":"https:\/\/www.bunterwaesche.com\/shop_ch\/wp-json\/wp\/v2\/product_tag?post=15793"}],"curies":[{"name":"wp","href":"https:\/\/api.w.org\/{rel}","templated":true}]}}