{"id":16049,"date":"2023-01-07T10:47:29","date_gmt":"2023-01-07T09:47:29","guid":{"rendered":"https:\/\/www.bunterwaesche.com\/shop_ch\/?post_type=product&#038;p=16049"},"modified":"2023-09-29T13:04:56","modified_gmt":"2023-09-29T11:04:56","slug":"djoy-short-sleeve-nightdress-kawai-flower-light-pink","status":"publish","type":"product","link":"https:\/\/www.bunterwaesche.com\/shop_ch\/produkt\/djoy-short-sleeve-nightdress-kawai-flower-light-pink\/","title":{"rendered":"Djoy Short Sleeve Nightdress Kawai Flower Light Pink"},"content":{"rendered":"<p>Dieses hellrosa Nachthemd verf\u00fcgt \u00fcber das anmutige Kawai-Blumendesign. Das sich wiederholende Blumenmuster besteht aus einer Variation von Blumenzweigen und verschiedenen Arten von Fantasieblumen. Das Nachthemd hat kurze \u00c4rmel.<br \/>\nV-Ausschnitt<br \/>\nKurze \u00c4rmel<br \/>\nIn mehreren Farben erh\u00e4ltlich<br \/>\nKawai Flower Design< \/li><br \/>\nL\u00e4nge: 102 cm in Gr\u00f6\u00dfe M<br \/>\nUnser Model ist 1,80 m gro\u00df und tr\u00e4gt Gr\u00f6\u00dfe M<br \/>\nDieses Produkt tr\u00e4gt das Label &#8222;nachhaltiger&#8220;<\/p>\n","protected":false},"excerpt":{"rendered":"<p>Dieses hellrosa Nachthemd verf\u00fcgt \u00fcber das anmutige Kawai-Blumendesign. Das sich wiederholende Blumenmuster besteht aus einer Variation von Blumenzweigen und verschiedenen Arten von Fantasieblumen. Das Nachthemd hat kurze \u00c4rmel. V-Ausschnitt Kurze \u00c4rmel In mehreren Farben erh\u00e4ltlich Kawai Flower Design< \/li> L\u00e4nge: 102 cm in Gr\u00f6\u00dfe M Unser Model ist 1,80 m gro\u00df und tr\u00e4gt Gr\u00f6\u00dfe M [&hellip;]<\/p>\n","protected":false},"featured_media":16696,"template":"","meta":[],"product_brand":[],"product_cat":[182],"product_tag":[405,265,180],"class_list":{"0":"post-16049","1":"product","2":"type-product","3":"status-publish","4":"has-post-thumbnail","6":"product_cat-nachthemd","7":"product_tag-kawai-flower","8":"product_tag-lightpink","9":"product_tag-pip-studio","10":"pa_groesse-l","11":"pa_groesse-m","12":"pa_groesse-s","13":"pa_groesse-xl","14":"pa_groesse-xs","15":"pa_groesse-xxl","17":"first","18":"instock","19":"taxable","20":"shipping-taxable","21":"purchasable","22":"product-type-variable"},"_links":{"self":[{"href":"https:\/\/www.bunterwaesche.com\/shop_ch\/wp-json\/wp\/v2\/product\/16049","targetHints":{"allow":["GET"]}}],"collection":[{"href":"https:\/\/www.bunterwaesche.com\/shop_ch\/wp-json\/wp\/v2\/product"}],"about":[{"href":"https:\/\/www.bunterwaesche.com\/shop_ch\/wp-json\/wp\/v2\/types\/product"}],"wp:featuredmedia":[{"embeddable":true,"href":"https:\/\/www.bunterwaesche.com\/shop_ch\/wp-json\/wp\/v2\/media\/16696"}],"wp:attachment":[{"href":"https:\/\/www.bunterwaesche.com\/shop_ch\/wp-json\/wp\/v2\/media?parent=16049"}],"wp:term":[{"taxonomy":"product_brand","embeddable":true,"href":"https:\/\/www.bunterwaesche.com\/shop_ch\/wp-json\/wp\/v2\/product_brand?post=16049"},{"taxonomy":"product_cat","embeddable":true,"href":"https:\/\/www.bunterwaesche.com\/shop_ch\/wp-json\/wp\/v2\/product_cat?post=16049"},{"taxonomy":"product_tag","embeddable":true,"href":"https:\/\/www.bunterwaesche.com\/shop_ch\/wp-json\/wp\/v2\/product_tag?post=16049"}],"curies":[{"name":"wp","href":"https:\/\/api.w.org\/{rel}","templated":true}]}}