{"id":18478,"date":"2023-09-22T08:40:06","date_gmt":"2023-09-22T06:40:06","guid":{"rendered":"https:\/\/www.bunterwaesche.com\/shop_ch\/?post_type=product&#038;p=18478"},"modified":"2025-10-16T11:35:43","modified_gmt":"2025-10-16T09:35:43","slug":"maxi-slip-black","status":"publish","type":"product","link":"https:\/\/www.bunterwaesche.com\/shop_ch\/produkt\/maxi-slip-black\/","title":{"rendered":"Maxi Slip Black"},"content":{"rendered":"<p>Sie m\u00f6gen Unterw\u00e4sche, die perfekt sitzt und gleichzeitig anschmiegsam ist? Dann werden Sie diesen extra-weichen Maxi-Slip f\u00fcr Damen aus der neuen Serie &#8222;Invisible Soft&#8220; lieben! Softe, gepeachte Microfaser schenkt ihm wunderbaren Komfort und bleibt selbst unter eng anliegender Kleidung unsichtbar. Weitere Details sind die angenehmen Lasercut-Abschl\u00fcsse und die gebondeten Seitenn\u00e4hte. F\u00fcr eine optimale Passform sorgen der angesagt hohe Bund und die beflockten S\u00e4ume. Beste SCHIESSER-Qualit\u00e4t!<\/p>\n","protected":false},"excerpt":{"rendered":"<p>Sie m\u00f6gen Unterw\u00e4sche, die perfekt sitzt und gleichzeitig anschmiegsam ist? Dann werden Sie diesen extra-weichen Maxi-Slip f\u00fcr Damen aus der neuen Serie &#8222;Invisible Soft&#8220; lieben! Softe, gepeachte Microfaser schenkt ihm wunderbaren Komfort und bleibt selbst unter eng anliegender Kleidung unsichtbar. Weitere Details sind die angenehmen Lasercut-Abschl\u00fcsse und die gebondeten Seitenn\u00e4hte. F\u00fcr eine optimale Passform sorgen [&hellip;]<\/p>\n","protected":false},"featured_media":18513,"template":"","meta":[],"product_brand":[],"product_cat":[433],"product_tag":[30,434],"class_list":{"0":"post-18478","1":"product","2":"type-product","3":"status-publish","4":"has-post-thumbnail","6":"product_cat-schiesser","7":"product_tag-black","8":"product_tag-schiesser","9":"pa_groesse-l","10":"pa_groesse-m","11":"pa_groesse-s","12":"pa_groesse-xl","13":"pa_groesse-xs","14":"pa_groesse-xxl","16":"first","17":"instock","18":"taxable","19":"shipping-taxable","20":"purchasable","21":"product-type-variable"},"_links":{"self":[{"href":"https:\/\/www.bunterwaesche.com\/shop_ch\/wp-json\/wp\/v2\/product\/18478","targetHints":{"allow":["GET"]}}],"collection":[{"href":"https:\/\/www.bunterwaesche.com\/shop_ch\/wp-json\/wp\/v2\/product"}],"about":[{"href":"https:\/\/www.bunterwaesche.com\/shop_ch\/wp-json\/wp\/v2\/types\/product"}],"wp:featuredmedia":[{"embeddable":true,"href":"https:\/\/www.bunterwaesche.com\/shop_ch\/wp-json\/wp\/v2\/media\/18513"}],"wp:attachment":[{"href":"https:\/\/www.bunterwaesche.com\/shop_ch\/wp-json\/wp\/v2\/media?parent=18478"}],"wp:term":[{"taxonomy":"product_brand","embeddable":true,"href":"https:\/\/www.bunterwaesche.com\/shop_ch\/wp-json\/wp\/v2\/product_brand?post=18478"},{"taxonomy":"product_cat","embeddable":true,"href":"https:\/\/www.bunterwaesche.com\/shop_ch\/wp-json\/wp\/v2\/product_cat?post=18478"},{"taxonomy":"product_tag","embeddable":true,"href":"https:\/\/www.bunterwaesche.com\/shop_ch\/wp-json\/wp\/v2\/product_tag?post=18478"}],"curies":[{"name":"wp","href":"https:\/\/api.w.org\/{rel}","templated":true}]}}