{"id":19129,"date":"2023-10-04T14:25:08","date_gmt":"2023-10-04T12:25:08","guid":{"rendered":"https:\/\/www.bunterwaesche.com\/shop_ch\/?post_type=product&#038;p=19129"},"modified":"2024-09-06T10:14:23","modified_gmt":"2024-09-06T08:14:23","slug":"racer-back-zaadi-purple","status":"publish","type":"product","link":"https:\/\/www.bunterwaesche.com\/shop_ch\/produkt\/racer-back-zaadi-purple\/","title":{"rendered":"Racer Back Zaadi Purple"},"content":{"rendered":"<p>B\u00fcgelloser Racerback-Bralette.<br \/>\nSt\u00fctzendes Unterbrustband.<br \/>\nMit Powermesh-F\u00fctterung.<br \/>\nWeiche Spitze, die sich flach dem K\u00f6rper anschmiegt.<br \/>\nZum einfachen \u00dcberziehen ohne Verschluss.<\/p>\n<p>Tipp: Wenn sie sich nicht sicher sind wegen der Gr\u00f6sse, melden sie sich per Telefon oder whats app, wir helfen ihnen gerne weiter.<\/p>\n","protected":false},"excerpt":{"rendered":"<p>B\u00fcgelloser Racerback-Bralette. St\u00fctzendes Unterbrustband. Mit Powermesh-F\u00fctterung. Weiche Spitze, die sich flach dem K\u00f6rper anschmiegt. Zum einfachen \u00dcberziehen ohne Verschluss. Tipp: Wenn sie sich nicht sicher sind wegen der Gr\u00f6sse, melden sie sich per Telefon oder whats app, wir helfen ihnen gerne weiter.<\/p>\n","protected":false},"featured_media":19161,"template":"","meta":[],"product_brand":[],"product_cat":[137],"product_tag":[210,135,440],"class_list":{"0":"post-19129","1":"product","2":"type-product","3":"status-publish","4":"has-post-thumbnail","6":"product_cat-cosabella-soft-girlie","7":"product_tag-cosabella","8":"product_tag-purple","9":"product_tag-zaadi","10":"pa_groesse-l","11":"pa_groesse-m","12":"pa_groesse-s","13":"pa_groesse-xl","14":"pa_groesse-xs","15":"pa_groesse-xxl","17":"first","18":"instock","19":"taxable","20":"shipping-taxable","21":"purchasable","22":"product-type-variable"},"_links":{"self":[{"href":"https:\/\/www.bunterwaesche.com\/shop_ch\/wp-json\/wp\/v2\/product\/19129","targetHints":{"allow":["GET"]}}],"collection":[{"href":"https:\/\/www.bunterwaesche.com\/shop_ch\/wp-json\/wp\/v2\/product"}],"about":[{"href":"https:\/\/www.bunterwaesche.com\/shop_ch\/wp-json\/wp\/v2\/types\/product"}],"wp:featuredmedia":[{"embeddable":true,"href":"https:\/\/www.bunterwaesche.com\/shop_ch\/wp-json\/wp\/v2\/media\/19161"}],"wp:attachment":[{"href":"https:\/\/www.bunterwaesche.com\/shop_ch\/wp-json\/wp\/v2\/media?parent=19129"}],"wp:term":[{"taxonomy":"product_brand","embeddable":true,"href":"https:\/\/www.bunterwaesche.com\/shop_ch\/wp-json\/wp\/v2\/product_brand?post=19129"},{"taxonomy":"product_cat","embeddable":true,"href":"https:\/\/www.bunterwaesche.com\/shop_ch\/wp-json\/wp\/v2\/product_cat?post=19129"},{"taxonomy":"product_tag","embeddable":true,"href":"https:\/\/www.bunterwaesche.com\/shop_ch\/wp-json\/wp\/v2\/product_tag?post=19129"}],"curies":[{"name":"wp","href":"https:\/\/api.w.org\/{rel}","templated":true}]}}