{"id":19136,"date":"2023-10-04T14:25:38","date_gmt":"2023-10-04T12:25:38","guid":{"rendered":"https:\/\/www.bunterwaesche.com\/shop_ch\/?post_type=product&#038;p=19136"},"modified":"2024-09-06T11:05:11","modified_gmt":"2024-09-06T09:05:11","slug":"nsn-plungie-longline-zaadi-purple","status":"publish","type":"product","link":"https:\/\/www.bunterwaesche.com\/shop_ch\/produkt\/nsn-plungie-longline-zaadi-purple\/","title":{"rendered":"NSN Plungie Longline Zaadi Purple"},"content":{"rendered":"<p>B\u00fcgelloser BH im Longline-Stil.<br \/>\nLongline-Unterbrustband f\u00fcr zus\u00e4tzlichen Halt. Verbesserte Passform &#8211; passt jetzt noch besser.<br \/>\nTiefer V-Ausschnitt vorne, ungepolsterte Cups.<br \/>\nZum einfachen \u00dcberziehen ohne Verschluss, mit verstellbaren Tr\u00e4gern.<\/p>\n<p>Weiche, elastische Spitze, die flach am K\u00f6rper anliegt. Mit Powermesh gef\u00fcttert.<br \/>\n91% Polyamid, 9% Elastan<\/p>\n<p>Made in Italy<\/p>\n<p>Tipp: Wenn sie sich nicht sicher sind wegen der Gr\u00f6sse, melden sie sich per Telefon oder whats app, wir helfen ihnen gerne weiter.<\/p>\n","protected":false},"excerpt":{"rendered":"<p>B\u00fcgelloser BH im Longline-Stil. Longline-Unterbrustband f\u00fcr zus\u00e4tzlichen Halt. Verbesserte Passform &#8211; passt jetzt noch besser. Tiefer V-Ausschnitt vorne, ungepolsterte Cups. Zum einfachen \u00dcberziehen ohne Verschluss, mit verstellbaren Tr\u00e4gern. Weiche, elastische Spitze, die flach am K\u00f6rper anliegt. Mit Powermesh gef\u00fcttert. 91% Polyamid, 9% Elastan Made in Italy Tipp: Wenn sie sich nicht sicher sind wegen der [&hellip;]<\/p>\n","protected":false},"featured_media":19158,"template":"","meta":[],"product_brand":[],"product_cat":[137],"product_tag":[440],"class_list":{"0":"post-19136","1":"product","2":"type-product","3":"status-publish","4":"has-post-thumbnail","6":"product_cat-cosabella-soft-girlie","7":"product_tag-zaadi","8":"pa_groesse-l","9":"pa_groesse-m","10":"pa_groesse-s","11":"pa_groesse-xl","12":"pa_groesse-xs","13":"pa_groesse-xxl","15":"first","16":"instock","17":"taxable","18":"shipping-taxable","19":"purchasable","20":"product-type-variable"},"_links":{"self":[{"href":"https:\/\/www.bunterwaesche.com\/shop_ch\/wp-json\/wp\/v2\/product\/19136","targetHints":{"allow":["GET"]}}],"collection":[{"href":"https:\/\/www.bunterwaesche.com\/shop_ch\/wp-json\/wp\/v2\/product"}],"about":[{"href":"https:\/\/www.bunterwaesche.com\/shop_ch\/wp-json\/wp\/v2\/types\/product"}],"wp:featuredmedia":[{"embeddable":true,"href":"https:\/\/www.bunterwaesche.com\/shop_ch\/wp-json\/wp\/v2\/media\/19158"}],"wp:attachment":[{"href":"https:\/\/www.bunterwaesche.com\/shop_ch\/wp-json\/wp\/v2\/media?parent=19136"}],"wp:term":[{"taxonomy":"product_brand","embeddable":true,"href":"https:\/\/www.bunterwaesche.com\/shop_ch\/wp-json\/wp\/v2\/product_brand?post=19136"},{"taxonomy":"product_cat","embeddable":true,"href":"https:\/\/www.bunterwaesche.com\/shop_ch\/wp-json\/wp\/v2\/product_cat?post=19136"},{"taxonomy":"product_tag","embeddable":true,"href":"https:\/\/www.bunterwaesche.com\/shop_ch\/wp-json\/wp\/v2\/product_tag?post=19136"}],"curies":[{"name":"wp","href":"https:\/\/api.w.org\/{rel}","templated":true}]}}