{"id":19198,"date":"2023-10-04T16:01:35","date_gmt":"2023-10-04T14:01:35","guid":{"rendered":"https:\/\/www.bunterwaesche.com\/shop_ch\/?post_type=product&#038;p=19198"},"modified":"2024-09-05T16:23:51","modified_gmt":"2024-09-05T14:23:51","slug":"nsn-peachie-hotpant-swiss-beet","status":"publish","type":"product","link":"https:\/\/www.bunterwaesche.com\/shop_ch\/produkt\/nsn-peachie-hotpant-swiss-beet\/","title":{"rendered":"NSN Peachie Hotpant Swiss beet"},"content":{"rendered":"<p>Highwaist Panty, speziell f\u00fcr ein volleres Ges\u00e4\u00df\/vollere H\u00fcften mit einer schmalen Taille.<\/p>\n<p>Der Bund ist aus weicher, elastischen Spitze<\/p>\n<p>95% Baumwolle<br \/>\n5% Elastan<\/p>\n<p>Made in Italy<\/p>\n","protected":false},"excerpt":{"rendered":"<p>Highwaist Panty, speziell f\u00fcr ein volleres Ges\u00e4\u00df\/vollere H\u00fcften mit einer schmalen Taille. Der Bund ist aus weicher, elastischen Spitze 95% Baumwolle 5% Elastan Made in Italy<\/p>\n","protected":false},"featured_media":19319,"template":"","meta":[],"product_brand":[],"product_cat":[209],"product_tag":[210,443],"class_list":{"0":"post-19198","1":"product","2":"type-product","3":"status-publish","4":"has-post-thumbnail","6":"product_cat-slips","7":"product_tag-cosabella","8":"product_tag-swiss-beet","9":"pa_groesse-l","10":"pa_groesse-m","11":"pa_groesse-s","12":"pa_groesse-xl","13":"pa_groesse-xs","14":"pa_groesse-xxl","16":"first","17":"instock","18":"taxable","19":"shipping-taxable","20":"purchasable","21":"product-type-variable"},"_links":{"self":[{"href":"https:\/\/www.bunterwaesche.com\/shop_ch\/wp-json\/wp\/v2\/product\/19198","targetHints":{"allow":["GET"]}}],"collection":[{"href":"https:\/\/www.bunterwaesche.com\/shop_ch\/wp-json\/wp\/v2\/product"}],"about":[{"href":"https:\/\/www.bunterwaesche.com\/shop_ch\/wp-json\/wp\/v2\/types\/product"}],"wp:featuredmedia":[{"embeddable":true,"href":"https:\/\/www.bunterwaesche.com\/shop_ch\/wp-json\/wp\/v2\/media\/19319"}],"wp:attachment":[{"href":"https:\/\/www.bunterwaesche.com\/shop_ch\/wp-json\/wp\/v2\/media?parent=19198"}],"wp:term":[{"taxonomy":"product_brand","embeddable":true,"href":"https:\/\/www.bunterwaesche.com\/shop_ch\/wp-json\/wp\/v2\/product_brand?post=19198"},{"taxonomy":"product_cat","embeddable":true,"href":"https:\/\/www.bunterwaesche.com\/shop_ch\/wp-json\/wp\/v2\/product_cat?post=19198"},{"taxonomy":"product_tag","embeddable":true,"href":"https:\/\/www.bunterwaesche.com\/shop_ch\/wp-json\/wp\/v2\/product_tag?post=19198"}],"curies":[{"name":"wp","href":"https:\/\/api.w.org\/{rel}","templated":true}]}}