{"id":19222,"date":"2023-10-04T16:55:05","date_gmt":"2023-10-04T14:55:05","guid":{"rendered":"https:\/\/www.bunterwaesche.com\/shop_ch\/?post_type=product&#038;p=19222"},"modified":"2025-10-16T11:33:02","modified_gmt":"2025-10-16T09:33:02","slug":"nsn-peachie-hotpant-black","status":"publish","type":"product","link":"https:\/\/www.bunterwaesche.com\/shop_ch\/produkt\/nsn-peachie-hotpant-black\/","title":{"rendered":"NSN Peachie Hotpant black"},"content":{"rendered":"<p>Highwaist Panty, speziell f\u00fcr ein volleres Ges\u00e4\u00df\/vollere H\u00fcften mit einer schmalen Taille.<\/p>\n<p>Der Bund ist aus weicher, elastischen Spitze<\/p>\n<p>95% Baumwolle<br \/>\n5% Elastan<\/p>\n<p>Made in Italy<\/p>\n","protected":false},"excerpt":{"rendered":"<p>Highwaist Panty, speziell f\u00fcr ein volleres Ges\u00e4\u00df\/vollere H\u00fcften mit einer schmalen Taille. Der Bund ist aus weicher, elastischen Spitze 95% Baumwolle 5% Elastan Made in Italy<\/p>\n","protected":false},"featured_media":19247,"template":"","meta":[],"product_brand":[],"product_cat":[209],"product_tag":[30,210,168],"class_list":{"0":"post-19222","1":"product","2":"type-product","3":"status-publish","4":"has-post-thumbnail","6":"product_cat-slips","7":"product_tag-black","8":"product_tag-cosabella","9":"product_tag-schwarz","10":"pa_groesse-l","11":"pa_groesse-m","12":"pa_groesse-s","13":"pa_groesse-xl","14":"pa_groesse-xs","15":"pa_groesse-xxl","17":"first","18":"instock","19":"taxable","20":"shipping-taxable","21":"purchasable","22":"product-type-variable"},"_links":{"self":[{"href":"https:\/\/www.bunterwaesche.com\/shop_ch\/wp-json\/wp\/v2\/product\/19222","targetHints":{"allow":["GET"]}}],"collection":[{"href":"https:\/\/www.bunterwaesche.com\/shop_ch\/wp-json\/wp\/v2\/product"}],"about":[{"href":"https:\/\/www.bunterwaesche.com\/shop_ch\/wp-json\/wp\/v2\/types\/product"}],"wp:featuredmedia":[{"embeddable":true,"href":"https:\/\/www.bunterwaesche.com\/shop_ch\/wp-json\/wp\/v2\/media\/19247"}],"wp:attachment":[{"href":"https:\/\/www.bunterwaesche.com\/shop_ch\/wp-json\/wp\/v2\/media?parent=19222"}],"wp:term":[{"taxonomy":"product_brand","embeddable":true,"href":"https:\/\/www.bunterwaesche.com\/shop_ch\/wp-json\/wp\/v2\/product_brand?post=19222"},{"taxonomy":"product_cat","embeddable":true,"href":"https:\/\/www.bunterwaesche.com\/shop_ch\/wp-json\/wp\/v2\/product_cat?post=19222"},{"taxonomy":"product_tag","embeddable":true,"href":"https:\/\/www.bunterwaesche.com\/shop_ch\/wp-json\/wp\/v2\/product_tag?post=19222"}],"curies":[{"name":"wp","href":"https:\/\/api.w.org\/{rel}","templated":true}]}}