{"id":19445,"date":"2023-10-13T11:10:59","date_gmt":"2023-10-13T09:10:59","guid":{"rendered":"https:\/\/www.bunterwaesche.com\/shop_ch\/?post_type=product&#038;p=19445"},"modified":"2025-08-28T16:08:58","modified_gmt":"2025-08-28T14:08:58","slug":"bustier-mit-pads-duenne-traeger-black","status":"publish","type":"product","link":"https:\/\/www.bunterwaesche.com\/shop_ch\/produkt\/bustier-mit-pads-duenne-traeger-black\/","title":{"rendered":"Bustier mit Pads d\u00fcnne Tr\u00e4ger black"},"content":{"rendered":"<p>Bustier mit pads<br \/>\nUltrasofte, gepeachte Microfaser macht dieses Damen-Bustier mit Pads zu einem echten Must-Have! Das Lieblingsst\u00fcck aus der neu entwickelten SCHIESSER-Serie &#8222;Invisible Soft&#8220; schmiegt sich wie eine zweite Haut an &#8211; selbst unter eng anliegender Kleidung bleibt es unsichtbar. Dabei sorgen die Pads f\u00fcr perfekten Halt und k\u00f6nnen bei Bedarf herausgenommen werden. Lasercut-Abschl\u00fcsse und gebondete Seitenn\u00e4hte sind weitere Komfortdetails &#8211; nat\u00fcrlich in bester SCHIESSER-Qualit\u00e4t!<\/p>\n<p>aus der SCHIESSER Serie &#8222;Invisible Soft&#8220;<br \/>\nmit herausnehmbaren Pads f\u00fcr perfekten Halt<br \/>\nV-Ausschnitt<br \/>\nunsichtbar selbst unter eng anliegender Kleidung<br \/>\nLasercut-Abschl\u00fcsse und gebondete Seitenn\u00e4hte f\u00fcr besten Tragekomfort<br \/>\nin extra-softer Micro-Qualit\u00e4t mit Peach-Finish<\/p>\n","protected":false},"excerpt":{"rendered":"<p>Bustier mit pads Ultrasofte, gepeachte Microfaser macht dieses Damen-Bustier mit Pads zu einem echten Must-Have! Das Lieblingsst\u00fcck aus der neu entwickelten SCHIESSER-Serie &#8222;Invisible Soft&#8220; schmiegt sich wie eine zweite Haut an &#8211; selbst unter eng anliegender Kleidung bleibt es unsichtbar. Dabei sorgen die Pads f\u00fcr perfekten Halt und k\u00f6nnen bei Bedarf herausgenommen werden. Lasercut-Abschl\u00fcsse und [&hellip;]<\/p>\n","protected":false},"featured_media":19492,"template":"","meta":[],"product_brand":[],"product_cat":[433],"product_tag":[30,434],"class_list":{"0":"post-19445","1":"product","2":"type-product","3":"status-publish","4":"has-post-thumbnail","6":"product_cat-schiesser","7":"product_tag-black","8":"product_tag-schiesser","9":"pa_groesse-l","10":"pa_groesse-m","11":"pa_groesse-s","12":"pa_groesse-xl","13":"pa_groesse-xs","14":"pa_groesse-xxl","16":"first","17":"instock","18":"taxable","19":"shipping-taxable","20":"purchasable","21":"product-type-variable"},"_links":{"self":[{"href":"https:\/\/www.bunterwaesche.com\/shop_ch\/wp-json\/wp\/v2\/product\/19445","targetHints":{"allow":["GET"]}}],"collection":[{"href":"https:\/\/www.bunterwaesche.com\/shop_ch\/wp-json\/wp\/v2\/product"}],"about":[{"href":"https:\/\/www.bunterwaesche.com\/shop_ch\/wp-json\/wp\/v2\/types\/product"}],"wp:featuredmedia":[{"embeddable":true,"href":"https:\/\/www.bunterwaesche.com\/shop_ch\/wp-json\/wp\/v2\/media\/19492"}],"wp:attachment":[{"href":"https:\/\/www.bunterwaesche.com\/shop_ch\/wp-json\/wp\/v2\/media?parent=19445"}],"wp:term":[{"taxonomy":"product_brand","embeddable":true,"href":"https:\/\/www.bunterwaesche.com\/shop_ch\/wp-json\/wp\/v2\/product_brand?post=19445"},{"taxonomy":"product_cat","embeddable":true,"href":"https:\/\/www.bunterwaesche.com\/shop_ch\/wp-json\/wp\/v2\/product_cat?post=19445"},{"taxonomy":"product_tag","embeddable":true,"href":"https:\/\/www.bunterwaesche.com\/shop_ch\/wp-json\/wp\/v2\/product_tag?post=19445"}],"curies":[{"name":"wp","href":"https:\/\/api.w.org\/{rel}","templated":true}]}}