{"id":19711,"date":"2024-02-05T06:52:50","date_gmt":"2024-02-05T05:52:50","guid":{"rendered":"https:\/\/www.bunterwaesche.com\/shop_ch\/?post_type=product&#038;p=19711"},"modified":"2025-10-01T16:20:55","modified_gmt":"2025-10-01T14:20:55","slug":"bob-short-trousers-tutti-i-fiori-light-blue","status":"publish","type":"product","link":"https:\/\/www.bunterwaesche.com\/shop_ch\/produkt\/bob-short-trousers-tutti-i-fiori-light-blue\/","title":{"rendered":"Bob Short Trousers Tutti i Fiori Light Blue"},"content":{"rendered":"<p>Diese Tutti i Fiori Kurze Hose aus unserer Bekleidung Kollection ist komfortabel und luftig. Versehen mit dem fr\u00f6hlichen Tutti i Fiori Design in Hellblau. Zeigt einen sehr raffinierten Print mit gro\u00dfen spanischen F\u00e4chern, die sich aus dekorativen Paisley-Formen und kleinen Blumen zusammensetzen Neben einem elastischen Bund hat die Hose auch einen Kordelzug f\u00fcr zus\u00e4tzlichen Komfort. Kombiniere diese Hose mit den bequemen Artikeln aus unserer neuesten Homewear-Kollektion oder entscheide dich f\u00fcr ein einfache Top und kreiere ein wundersch\u00f6nes Outfit. Die Tutti i Fiori Shorts bringen Farbe in Ihr Outfit!<\/p>\n<p>Viskose und Elasthan <\/p>\n","protected":false},"excerpt":{"rendered":"<p>Diese Tutti i Fiori Kurze Hose aus unserer Bekleidung Kollection ist komfortabel und luftig. Versehen mit dem fr\u00f6hlichen Tutti i Fiori Design in Hellblau. Zeigt einen sehr raffinierten Print mit gro\u00dfen spanischen F\u00e4chern, die sich aus dekorativen Paisley-Formen und kleinen Blumen zusammensetzen Neben einem elastischen Bund hat die Hose auch einen Kordelzug f\u00fcr zus\u00e4tzlichen Komfort. [&hellip;]<\/p>\n","protected":false},"featured_media":20264,"template":"","meta":[],"product_brand":[],"product_cat":[178],"product_tag":[92,172,180,424],"class_list":{"0":"post-19711","1":"product","2":"type-product","3":"status-publish","4":"has-post-thumbnail","6":"product_cat-shorts","7":"product_tag-blue","8":"product_tag-lightblue","9":"product_tag-pip-studio","10":"product_tag-tutti-i-fiori","11":"pa_groesse-l","12":"pa_groesse-m","13":"pa_groesse-s","14":"pa_groesse-xl","15":"pa_groesse-xs","16":"pa_groesse-xxl","18":"first","19":"instock","20":"taxable","21":"shipping-taxable","22":"purchasable","23":"product-type-variable"},"_links":{"self":[{"href":"https:\/\/www.bunterwaesche.com\/shop_ch\/wp-json\/wp\/v2\/product\/19711","targetHints":{"allow":["GET"]}}],"collection":[{"href":"https:\/\/www.bunterwaesche.com\/shop_ch\/wp-json\/wp\/v2\/product"}],"about":[{"href":"https:\/\/www.bunterwaesche.com\/shop_ch\/wp-json\/wp\/v2\/types\/product"}],"wp:featuredmedia":[{"embeddable":true,"href":"https:\/\/www.bunterwaesche.com\/shop_ch\/wp-json\/wp\/v2\/media\/20264"}],"wp:attachment":[{"href":"https:\/\/www.bunterwaesche.com\/shop_ch\/wp-json\/wp\/v2\/media?parent=19711"}],"wp:term":[{"taxonomy":"product_brand","embeddable":true,"href":"https:\/\/www.bunterwaesche.com\/shop_ch\/wp-json\/wp\/v2\/product_brand?post=19711"},{"taxonomy":"product_cat","embeddable":true,"href":"https:\/\/www.bunterwaesche.com\/shop_ch\/wp-json\/wp\/v2\/product_cat?post=19711"},{"taxonomy":"product_tag","embeddable":true,"href":"https:\/\/www.bunterwaesche.com\/shop_ch\/wp-json\/wp\/v2\/product_tag?post=19711"}],"curies":[{"name":"wp","href":"https:\/\/api.w.org\/{rel}","templated":true}]}}