{"id":19886,"date":"2024-02-05T07:12:51","date_gmt":"2024-02-05T06:12:51","guid":{"rendered":"https:\/\/www.bunterwaesche.com\/shop_ch\/?post_type=product&#038;p=19886"},"modified":"2024-02-15T09:40:18","modified_gmt":"2024-02-15T08:40:18","slug":"dewi-short-sleeve-nightdress-alba-blue-green","status":"publish","type":"product","link":"https:\/\/www.bunterwaesche.com\/shop_ch\/produkt\/dewi-short-sleeve-nightdress-alba-blue-green\/","title":{"rendered":"Dewi Short Sleeve Nightdress Alba Blue Green"},"content":{"rendered":"<p>95% Viskose<br \/>\n5% Elasthan<br \/>\nMit diesem Alba Nachthemd hast du das perfekte Nachthemd f\u00fcr die Sommermonate gefunden! Versehen mit dem fr\u00f6hlichen Alba Design in Blau und Gr\u00fcn. Zeigt einen sehr raffinierten Print mit gro\u00dfen spanischen F\u00e4chern, die sich aus dekorativen Paisley-Formen und kleinen Blumen zusammensetzen. Das Nachthemd hat kurze \u00c4rmel und einen Kragenausschnitt mit passenden Kn\u00f6pfen.<\/p>\n","protected":false},"excerpt":{"rendered":"<p>95% Viskose 5% Elasthan Mit diesem Alba Nachthemd hast du das perfekte Nachthemd f\u00fcr die Sommermonate gefunden! Versehen mit dem fr\u00f6hlichen Alba Design in Blau und Gr\u00fcn. Zeigt einen sehr raffinierten Print mit gro\u00dfen spanischen F\u00e4chern, die sich aus dekorativen Paisley-Formen und kleinen Blumen zusammensetzen. Das Nachthemd hat kurze \u00c4rmel und einen Kragenausschnitt mit passenden [&hellip;]<\/p>\n","protected":false},"featured_media":20178,"template":"","meta":[],"product_brand":[],"product_cat":[182],"product_tag":[456,92,94,180],"class_list":{"0":"post-19886","1":"product","2":"type-product","3":"status-publish","4":"has-post-thumbnail","6":"product_cat-nachthemd","7":"product_tag-alba","8":"product_tag-blue","9":"product_tag-green","10":"product_tag-pip-studio","11":"pa_groesse-l","12":"pa_groesse-m","13":"pa_groesse-s","14":"pa_groesse-xl","15":"pa_groesse-xs","16":"pa_groesse-xxl","18":"first","19":"instock","20":"taxable","21":"shipping-taxable","22":"purchasable","23":"product-type-variable"},"_links":{"self":[{"href":"https:\/\/www.bunterwaesche.com\/shop_ch\/wp-json\/wp\/v2\/product\/19886","targetHints":{"allow":["GET"]}}],"collection":[{"href":"https:\/\/www.bunterwaesche.com\/shop_ch\/wp-json\/wp\/v2\/product"}],"about":[{"href":"https:\/\/www.bunterwaesche.com\/shop_ch\/wp-json\/wp\/v2\/types\/product"}],"wp:featuredmedia":[{"embeddable":true,"href":"https:\/\/www.bunterwaesche.com\/shop_ch\/wp-json\/wp\/v2\/media\/20178"}],"wp:attachment":[{"href":"https:\/\/www.bunterwaesche.com\/shop_ch\/wp-json\/wp\/v2\/media?parent=19886"}],"wp:term":[{"taxonomy":"product_brand","embeddable":true,"href":"https:\/\/www.bunterwaesche.com\/shop_ch\/wp-json\/wp\/v2\/product_brand?post=19886"},{"taxonomy":"product_cat","embeddable":true,"href":"https:\/\/www.bunterwaesche.com\/shop_ch\/wp-json\/wp\/v2\/product_cat?post=19886"},{"taxonomy":"product_tag","embeddable":true,"href":"https:\/\/www.bunterwaesche.com\/shop_ch\/wp-json\/wp\/v2\/product_tag?post=19886"}],"curies":[{"name":"wp","href":"https:\/\/api.w.org\/{rel}","templated":true}]}}