{"id":20005,"date":"2024-02-05T07:22:30","date_gmt":"2024-02-05T06:22:30","guid":{"rendered":"https:\/\/www.bunterwaesche.com\/shop_ch\/?post_type=product&#038;p=20005"},"modified":"2025-10-16T11:29:35","modified_gmt":"2025-10-16T09:29:35","slug":"tatum-short-sleeve-top-little-sumo-stripe-blue","status":"publish","type":"product","link":"https:\/\/www.bunterwaesche.com\/shop_ch\/produkt\/tatum-short-sleeve-top-little-sumo-stripe-blue\/","title":{"rendered":"Tatum Short Sleeve Top Little Sumo Stripe Blue"},"content":{"rendered":"<p>Auf der Suche nach einem Basic-Top f\u00fcr einen casual Look? Dieses hellblaue Little Sumo Stripe Top ist der perfekte Basic-Artikel f\u00fcr ein gelungenes Layering. Durch den Stoff dieses Tops f\u00fchlt es sich an wie eine zweite Haut. Das Top ist unglaublich weich und elastisch, sodass es immer zu deinem K\u00f6rpertyp passt. Das Oberteil hat einen Rundhalsausschnitt und eine weite Passform. Mit Mix &#038; Match kombinierst du dieses Top mit anderen Artikeln aus der Fr\u00fchjahrs-\/Sommerkollektion zu einem tollen Outfit!<\/p>\n<p>48% Viskose<br \/>\n48% Polyester<br \/>\n4% Elasthan<\/p>\n","protected":false},"excerpt":{"rendered":"<p>Auf der Suche nach einem Basic-Top f\u00fcr einen casual Look? Dieses hellblaue Little Sumo Stripe Top ist der perfekte Basic-Artikel f\u00fcr ein gelungenes Layering. Durch den Stoff dieses Tops f\u00fchlt es sich an wie eine zweite Haut. Das Top ist unglaublich weich und elastisch, sodass es immer zu deinem K\u00f6rpertyp passt. Das Oberteil hat einen [&hellip;]<\/p>\n","protected":false},"featured_media":20252,"template":"","meta":[],"product_brand":[],"product_cat":[301],"product_tag":[92,172,180,424],"class_list":{"0":"post-20005","1":"product","2":"type-product","3":"status-publish","4":"has-post-thumbnail","6":"product_cat-t-shirt-kurzarm","7":"product_tag-blue","8":"product_tag-lightblue","9":"product_tag-pip-studio","10":"product_tag-tutti-i-fiori","11":"pa_groesse-l","12":"pa_groesse-m","13":"pa_groesse-s","14":"pa_groesse-xl","15":"pa_groesse-xs","16":"pa_groesse-xxl","18":"first","19":"instock","20":"taxable","21":"shipping-taxable","22":"purchasable","23":"product-type-variable"},"_links":{"self":[{"href":"https:\/\/www.bunterwaesche.com\/shop_ch\/wp-json\/wp\/v2\/product\/20005","targetHints":{"allow":["GET"]}}],"collection":[{"href":"https:\/\/www.bunterwaesche.com\/shop_ch\/wp-json\/wp\/v2\/product"}],"about":[{"href":"https:\/\/www.bunterwaesche.com\/shop_ch\/wp-json\/wp\/v2\/types\/product"}],"wp:featuredmedia":[{"embeddable":true,"href":"https:\/\/www.bunterwaesche.com\/shop_ch\/wp-json\/wp\/v2\/media\/20252"}],"wp:attachment":[{"href":"https:\/\/www.bunterwaesche.com\/shop_ch\/wp-json\/wp\/v2\/media?parent=20005"}],"wp:term":[{"taxonomy":"product_brand","embeddable":true,"href":"https:\/\/www.bunterwaesche.com\/shop_ch\/wp-json\/wp\/v2\/product_brand?post=20005"},{"taxonomy":"product_cat","embeddable":true,"href":"https:\/\/www.bunterwaesche.com\/shop_ch\/wp-json\/wp\/v2\/product_cat?post=20005"},{"taxonomy":"product_tag","embeddable":true,"href":"https:\/\/www.bunterwaesche.com\/shop_ch\/wp-json\/wp\/v2\/product_tag?post=20005"}],"curies":[{"name":"wp","href":"https:\/\/api.w.org\/{rel}","templated":true}]}}