{"id":20040,"date":"2024-02-05T07:24:48","date_gmt":"2024-02-05T06:24:48","guid":{"rendered":"https:\/\/www.bunterwaesche.com\/shop_ch\/?post_type=product&#038;p=20040"},"modified":"2025-10-16T11:29:19","modified_gmt":"2025-10-16T09:29:19","slug":"bobien-long-trousers-bamboleo-white","status":"publish","type":"product","link":"https:\/\/www.bunterwaesche.com\/shop_ch\/produkt\/bobien-long-trousers-bamboleo-white\/","title":{"rendered":"Bobien Long Trousers Bamboleo White"},"content":{"rendered":"<p>Diese Bamboleo-Hose hat eine schmale Passform und ist mit einem elastischen Bund und einem Kordelzug aus Jersey f\u00fcr zus\u00e4tzlichen Komfort versehen. Die Hose ist mit dem Bamboleo-Dessin in Wei\u00df verziert. Das Bamboleo-Muster zeigt eine reiche Sammlung botanischer Pflanzen und Blumen. Die fantasievollen Bl\u00e4tter und B\u00e4ume sind sorgf\u00e4ltig platziert, wodurch ein stilisiertes Blattmotiv entsteht. Aus Viskose und Elasthan gefertigt, ist die Hose wunderbar weich und dehnbar. Kombiniere es nach dem Mix &#038; Match-Prinzip mit einem Top mit dem gleichen Druck oder einem passenden einfarbigen Oberteil f\u00fcr einen l\u00e4ssigen Look.<br \/>\nBamboleo-Dessin in Wei\u00df<br \/>\nElastischer Bund mit Kordelzug<br \/>\nSchmale Hosenbeine<br \/>\n95% Viskose<br \/>\n5% Elasthan<\/p>\n","protected":false},"excerpt":{"rendered":"<p>Diese Bamboleo-Hose hat eine schmale Passform und ist mit einem elastischen Bund und einem Kordelzug aus Jersey f\u00fcr zus\u00e4tzlichen Komfort versehen. Die Hose ist mit dem Bamboleo-Dessin in Wei\u00df verziert. Das Bamboleo-Muster zeigt eine reiche Sammlung botanischer Pflanzen und Blumen. Die fantasievollen Bl\u00e4tter und B\u00e4ume sind sorgf\u00e4ltig platziert, wodurch ein stilisiertes Blattmotiv entsteht. Aus Viskose [&hellip;]<\/p>\n","protected":false},"featured_media":20125,"template":"","meta":[],"product_brand":[],"product_cat":[382],"product_tag":[],"class_list":{"0":"post-20040","1":"product","2":"type-product","3":"status-publish","4":"has-post-thumbnail","6":"product_cat-pip-studio-hosen","7":"pa_groesse-l","8":"pa_groesse-m","9":"pa_groesse-s","10":"pa_groesse-xl","11":"pa_groesse-xs","12":"pa_groesse-xxl","14":"first","15":"instock","16":"taxable","17":"shipping-taxable","18":"purchasable","19":"product-type-variable"},"_links":{"self":[{"href":"https:\/\/www.bunterwaesche.com\/shop_ch\/wp-json\/wp\/v2\/product\/20040","targetHints":{"allow":["GET"]}}],"collection":[{"href":"https:\/\/www.bunterwaesche.com\/shop_ch\/wp-json\/wp\/v2\/product"}],"about":[{"href":"https:\/\/www.bunterwaesche.com\/shop_ch\/wp-json\/wp\/v2\/types\/product"}],"wp:featuredmedia":[{"embeddable":true,"href":"https:\/\/www.bunterwaesche.com\/shop_ch\/wp-json\/wp\/v2\/media\/20125"}],"wp:attachment":[{"href":"https:\/\/www.bunterwaesche.com\/shop_ch\/wp-json\/wp\/v2\/media?parent=20040"}],"wp:term":[{"taxonomy":"product_brand","embeddable":true,"href":"https:\/\/www.bunterwaesche.com\/shop_ch\/wp-json\/wp\/v2\/product_brand?post=20040"},{"taxonomy":"product_cat","embeddable":true,"href":"https:\/\/www.bunterwaesche.com\/shop_ch\/wp-json\/wp\/v2\/product_cat?post=20040"},{"taxonomy":"product_tag","embeddable":true,"href":"https:\/\/www.bunterwaesche.com\/shop_ch\/wp-json\/wp\/v2\/product_tag?post=20040"}],"curies":[{"name":"wp","href":"https:\/\/api.w.org\/{rel}","templated":true}]}}