{"id":21368,"date":"2024-09-04T13:51:23","date_gmt":"2024-09-04T11:51:23","guid":{"rendered":"https:\/\/www.bunterwaesche.com\/shop_ch\/?post_type=product&#038;p=21368"},"modified":"2024-09-05T16:19:14","modified_gmt":"2024-09-05T14:19:14","slug":"nsn-peachie-hotpant-ticino","status":"publish","type":"product","link":"https:\/\/www.bunterwaesche.com\/shop_ch\/produkt\/nsn-peachie-hotpant-ticino\/","title":{"rendered":"NSN Peachie Hotpant Ticino"},"content":{"rendered":"<p>Highwaist Panty, speziell f\u00fcr ein volleres Ges\u00e4\u00df\/vollere H\u00fcften mit einer schmalen Taille.<\/p>\n<p>Der Bund ist aus weicher, elastischen Spitze<\/p>\n<p>95% Baumwolle<br \/>\n5% Elastan<\/p>\n<p>Made in Italy<\/p>\n","protected":false},"excerpt":{"rendered":"<p>Highwaist Panty, speziell f\u00fcr ein volleres Ges\u00e4\u00df\/vollere H\u00fcften mit einer schmalen Taille. Der Bund ist aus weicher, elastischen Spitze 95% Baumwolle 5% Elastan Made in Italy<\/p>\n","protected":false},"featured_media":21486,"template":"","meta":[],"product_brand":[],"product_cat":[209],"product_tag":[133,210,479],"class_list":{"0":"post-21368","1":"product","2":"type-product","3":"status-publish","4":"has-post-thumbnail","6":"product_cat-slips","7":"product_tag-brown","8":"product_tag-cosabella","9":"product_tag-ticino","10":"pa_groesse-l","11":"pa_groesse-m","12":"pa_groesse-s","13":"pa_groesse-xl","14":"pa_groesse-xs","15":"pa_groesse-xxl","17":"first","18":"instock","19":"taxable","20":"shipping-taxable","21":"purchasable","22":"product-type-variable"},"_links":{"self":[{"href":"https:\/\/www.bunterwaesche.com\/shop_ch\/wp-json\/wp\/v2\/product\/21368","targetHints":{"allow":["GET"]}}],"collection":[{"href":"https:\/\/www.bunterwaesche.com\/shop_ch\/wp-json\/wp\/v2\/product"}],"about":[{"href":"https:\/\/www.bunterwaesche.com\/shop_ch\/wp-json\/wp\/v2\/types\/product"}],"wp:featuredmedia":[{"embeddable":true,"href":"https:\/\/www.bunterwaesche.com\/shop_ch\/wp-json\/wp\/v2\/media\/21486"}],"wp:attachment":[{"href":"https:\/\/www.bunterwaesche.com\/shop_ch\/wp-json\/wp\/v2\/media?parent=21368"}],"wp:term":[{"taxonomy":"product_brand","embeddable":true,"href":"https:\/\/www.bunterwaesche.com\/shop_ch\/wp-json\/wp\/v2\/product_brand?post=21368"},{"taxonomy":"product_cat","embeddable":true,"href":"https:\/\/www.bunterwaesche.com\/shop_ch\/wp-json\/wp\/v2\/product_cat?post=21368"},{"taxonomy":"product_tag","embeddable":true,"href":"https:\/\/www.bunterwaesche.com\/shop_ch\/wp-json\/wp\/v2\/product_tag?post=21368"}],"curies":[{"name":"wp","href":"https:\/\/api.w.org\/{rel}","templated":true}]}}