{"id":21389,"date":"2024-09-04T13:53:29","date_gmt":"2024-09-04T11:53:29","guid":{"rendered":"https:\/\/www.bunterwaesche.com\/shop_ch\/?post_type=product&#038;p=21389"},"modified":"2025-10-16T11:25:28","modified_gmt":"2025-10-16T09:25:28","slug":"nsn-hotpant-mirtillo","status":"publish","type":"product","link":"https:\/\/www.bunterwaesche.com\/shop_ch\/produkt\/nsn-hotpant-mirtillo\/","title":{"rendered":"NSN Hotpant Mirtillo"},"content":{"rendered":"<p>Weiche, elastische Spitze, die flach am K\u00f6rper anliegt.<br \/>\nZwickel aus Baumwolle.<br \/>\nBund mit elastischer Spitze besetzt.<\/p>\n<p>93% polyamide, 7% elastane<br \/>\nMade in Italy<\/p>\n<p>Gr\u00f6sse S   36-38<br \/>\nGr\u00f6sse M   38-40<br \/>\nGr\u00f6sse L   42-46<\/p>\n","protected":false},"excerpt":{"rendered":"<p>Weiche, elastische Spitze, die flach am K\u00f6rper anliegt. Zwickel aus Baumwolle. Bund mit elastischer Spitze besetzt. 93% polyamide, 7% elastane Made in Italy Gr\u00f6sse S 36-38 Gr\u00f6sse M 38-40 Gr\u00f6sse L 42-46<\/p>\n","protected":false},"featured_media":21419,"template":"","meta":[],"product_brand":[],"product_cat":[209],"product_tag":[210,480],"class_list":{"0":"post-21389","1":"product","2":"type-product","3":"status-publish","4":"has-post-thumbnail","6":"product_cat-slips","7":"product_tag-cosabella","8":"product_tag-mirtillo","9":"pa_groesse-l","10":"pa_groesse-m","11":"pa_groesse-s","12":"pa_groesse-xl","13":"pa_groesse-xs","14":"pa_groesse-xxl","16":"first","17":"instock","18":"taxable","19":"shipping-taxable","20":"purchasable","21":"product-type-variable"},"_links":{"self":[{"href":"https:\/\/www.bunterwaesche.com\/shop_ch\/wp-json\/wp\/v2\/product\/21389","targetHints":{"allow":["GET"]}}],"collection":[{"href":"https:\/\/www.bunterwaesche.com\/shop_ch\/wp-json\/wp\/v2\/product"}],"about":[{"href":"https:\/\/www.bunterwaesche.com\/shop_ch\/wp-json\/wp\/v2\/types\/product"}],"wp:featuredmedia":[{"embeddable":true,"href":"https:\/\/www.bunterwaesche.com\/shop_ch\/wp-json\/wp\/v2\/media\/21419"}],"wp:attachment":[{"href":"https:\/\/www.bunterwaesche.com\/shop_ch\/wp-json\/wp\/v2\/media?parent=21389"}],"wp:term":[{"taxonomy":"product_brand","embeddable":true,"href":"https:\/\/www.bunterwaesche.com\/shop_ch\/wp-json\/wp\/v2\/product_brand?post=21389"},{"taxonomy":"product_cat","embeddable":true,"href":"https:\/\/www.bunterwaesche.com\/shop_ch\/wp-json\/wp\/v2\/product_cat?post=21389"},{"taxonomy":"product_tag","embeddable":true,"href":"https:\/\/www.bunterwaesche.com\/shop_ch\/wp-json\/wp\/v2\/product_tag?post=21389"}],"curies":[{"name":"wp","href":"https:\/\/api.w.org\/{rel}","templated":true}]}}