{"id":21543,"date":"2024-09-05T10:25:49","date_gmt":"2024-09-05T08:25:49","guid":{"rendered":"https:\/\/www.bunterwaesche.com\/shop_ch\/?post_type=product&#038;p=21543"},"modified":"2024-09-05T13:58:01","modified_gmt":"2024-09-05T11:58:01","slug":"nsn-hotpant-mystic-red","status":"publish","type":"product","link":"https:\/\/www.bunterwaesche.com\/shop_ch\/produkt\/nsn-hotpant-mystic-red\/","title":{"rendered":"NSN Hotpant Mystic Red"},"content":{"rendered":"<p>Weiche, elastische Spitze, die flach am K\u00f6rper anliegt.<br \/>\nZwickel aus Baumwolle.<br \/>\nBund mit elastischer Spitze besetzt.<\/p>\n<p>93% polyamide, 7% elastane<br \/>\nMade in Italy<\/p>\n<p>Gr\u00f6sse S   36-38<br \/>\nGr\u00f6sse M   38-40<br \/>\nGr\u00f6sse L   42-46<\/p>\n","protected":false},"excerpt":{"rendered":"<p>Weiche, elastische Spitze, die flach am K\u00f6rper anliegt. Zwickel aus Baumwolle. Bund mit elastischer Spitze besetzt. 93% polyamide, 7% elastane Made in Italy Gr\u00f6sse S 36-38 Gr\u00f6sse M 38-40 Gr\u00f6sse L 42-46<\/p>\n","protected":false},"featured_media":21551,"template":"","meta":[],"product_brand":[],"product_cat":[209],"product_tag":[210,482,88],"class_list":{"0":"post-21543","1":"product","2":"type-product","3":"status-publish","4":"has-post-thumbnail","6":"product_cat-slips","7":"product_tag-cosabella","8":"product_tag-mystic-red","9":"product_tag-red","10":"pa_groesse-l","11":"pa_groesse-m","12":"pa_groesse-s","13":"pa_groesse-xl","14":"pa_groesse-xs","15":"pa_groesse-xxl","17":"first","18":"instock","19":"taxable","20":"shipping-taxable","21":"purchasable","22":"product-type-variable"},"_links":{"self":[{"href":"https:\/\/www.bunterwaesche.com\/shop_ch\/wp-json\/wp\/v2\/product\/21543","targetHints":{"allow":["GET"]}}],"collection":[{"href":"https:\/\/www.bunterwaesche.com\/shop_ch\/wp-json\/wp\/v2\/product"}],"about":[{"href":"https:\/\/www.bunterwaesche.com\/shop_ch\/wp-json\/wp\/v2\/types\/product"}],"wp:featuredmedia":[{"embeddable":true,"href":"https:\/\/www.bunterwaesche.com\/shop_ch\/wp-json\/wp\/v2\/media\/21551"}],"wp:attachment":[{"href":"https:\/\/www.bunterwaesche.com\/shop_ch\/wp-json\/wp\/v2\/media?parent=21543"}],"wp:term":[{"taxonomy":"product_brand","embeddable":true,"href":"https:\/\/www.bunterwaesche.com\/shop_ch\/wp-json\/wp\/v2\/product_brand?post=21543"},{"taxonomy":"product_cat","embeddable":true,"href":"https:\/\/www.bunterwaesche.com\/shop_ch\/wp-json\/wp\/v2\/product_cat?post=21543"},{"taxonomy":"product_tag","embeddable":true,"href":"https:\/\/www.bunterwaesche.com\/shop_ch\/wp-json\/wp\/v2\/product_tag?post=21543"}],"curies":[{"name":"wp","href":"https:\/\/api.w.org\/{rel}","templated":true}]}}