{"id":21667,"date":"2025-01-30T15:30:39","date_gmt":"2025-01-30T14:30:39","guid":{"rendered":"https:\/\/www.bunterwaesche.com\/shop_ch\/?post_type=product&#038;p=21667"},"modified":"2025-05-26T10:28:28","modified_gmt":"2025-05-26T08:28:28","slug":"bob-short-trousers-matata-green","status":"publish","type":"product","link":"https:\/\/www.bunterwaesche.com\/shop_ch\/produkt\/bob-short-trousers-matata-green\/","title":{"rendered":"Bob Short Trousers Matata Green"},"content":{"rendered":"<p>Bist du bereit f\u00fcr ultimativen Komfort? Mit der Bob Kurze Hose bringst du die Sonne direkt ins Haus. Diese kurze Hose ist aus einem weichen Stoff gefertigt, wodurch die Hose dehnbar und bequem ist. Neben einem elastischen Bund hat die Hose auch eine bunte Jersey-Kordel f\u00fcr zus\u00e4tzlichen Komfort. Das Matata-Muster zeigt gro\u00dfe Blumen und Bl\u00e4tter, die von afrikanischen Wax-Prints inspiriert sind. Die Blumen sind mit Punktkanten, Streifen und anderen spielerischen Details verziert. Der Hintergrund hat ein dezentes Punktmuster.<\/p>\n<p>95% Viskose und 5% Elasthan.<\/p>\n","protected":false},"excerpt":{"rendered":"<p>Bist du bereit f\u00fcr ultimativen Komfort? Mit der Bob Kurze Hose bringst du die Sonne direkt ins Haus. Diese kurze Hose ist aus einem weichen Stoff gefertigt, wodurch die Hose dehnbar und bequem ist. Neben einem elastischen Bund hat die Hose auch eine bunte Jersey-Kordel f\u00fcr zus\u00e4tzlichen Komfort. Das Matata-Muster zeigt gro\u00dfe Blumen und Bl\u00e4tter, [&hellip;]<\/p>\n","protected":false},"featured_media":21932,"template":"","meta":[],"product_brand":[],"product_cat":[178],"product_tag":[94,493,180],"class_list":{"0":"post-21667","1":"product","2":"type-product","3":"status-publish","4":"has-post-thumbnail","6":"product_cat-shorts","7":"product_tag-green","8":"product_tag-matata","9":"product_tag-pip-studio","10":"pa_groesse-l","11":"pa_groesse-m","12":"pa_groesse-s","13":"pa_groesse-xl","14":"pa_groesse-xs","15":"pa_groesse-xxl","17":"first","18":"instock","19":"taxable","20":"shipping-taxable","21":"purchasable","22":"product-type-variable"},"_links":{"self":[{"href":"https:\/\/www.bunterwaesche.com\/shop_ch\/wp-json\/wp\/v2\/product\/21667","targetHints":{"allow":["GET"]}}],"collection":[{"href":"https:\/\/www.bunterwaesche.com\/shop_ch\/wp-json\/wp\/v2\/product"}],"about":[{"href":"https:\/\/www.bunterwaesche.com\/shop_ch\/wp-json\/wp\/v2\/types\/product"}],"wp:featuredmedia":[{"embeddable":true,"href":"https:\/\/www.bunterwaesche.com\/shop_ch\/wp-json\/wp\/v2\/media\/21932"}],"wp:attachment":[{"href":"https:\/\/www.bunterwaesche.com\/shop_ch\/wp-json\/wp\/v2\/media?parent=21667"}],"wp:term":[{"taxonomy":"product_brand","embeddable":true,"href":"https:\/\/www.bunterwaesche.com\/shop_ch\/wp-json\/wp\/v2\/product_brand?post=21667"},{"taxonomy":"product_cat","embeddable":true,"href":"https:\/\/www.bunterwaesche.com\/shop_ch\/wp-json\/wp\/v2\/product_cat?post=21667"},{"taxonomy":"product_tag","embeddable":true,"href":"https:\/\/www.bunterwaesche.com\/shop_ch\/wp-json\/wp\/v2\/product_tag?post=21667"}],"curies":[{"name":"wp","href":"https:\/\/api.w.org\/{rel}","templated":true}]}}