{"id":21681,"date":"2025-01-30T15:31:38","date_gmt":"2025-01-30T14:31:38","guid":{"rendered":"https:\/\/www.bunterwaesche.com\/shop_ch\/?post_type=product&#038;p=21681"},"modified":"2025-02-13T17:48:03","modified_gmt":"2025-02-13T16:48:03","slug":"bobi-short-trousers-little-sumo-stripe-blue","status":"publish","type":"product","link":"https:\/\/www.bunterwaesche.com\/shop_ch\/produkt\/bobi-short-trousers-little-sumo-stripe-blue\/","title":{"rendered":"Bobi Short Trousers Little Sumo Stripe Blue"},"content":{"rendered":"<p>Bist du bereit f\u00fcr ultimativen Komfort? Mit dieser kurzen Hose im Little Sumo Stripe Design bringst du sofort Sonnenschein ins Haus. Diese kurze Hose ist aus einem 2&#215;2-Rippstoff aus Baumwolle gefertigt, wodurch die Hose dehnbar ist und einen hohen Tragekomfort bietet. Neben einem elastischen Bund verf\u00fcgt die Hose auch \u00fcber ein Jerseyband f\u00fcr zus\u00e4tzlichen Komfort und einen Fake-Hosenschlitz mit Kn\u00f6pfen f\u00fcr ein verspieltes Boyfriend-Detail. Das Little Sumo Stripe Design mit subtilen tonalen Streifen f\u00fcgt ein verspieltes und stilvolles Element hinzu.<\/p>\n<p>Hergestellt aus 100% Baumwolle<\/p>\n","protected":false},"excerpt":{"rendered":"<p>Bist du bereit f\u00fcr ultimativen Komfort? Mit dieser kurzen Hose im Little Sumo Stripe Design bringst du sofort Sonnenschein ins Haus. Diese kurze Hose ist aus einem 2&#215;2-Rippstoff aus Baumwolle gefertigt, wodurch die Hose dehnbar ist und einen hohen Tragekomfort bietet. Neben einem elastischen Bund verf\u00fcgt die Hose auch \u00fcber ein Jerseyband f\u00fcr zus\u00e4tzlichen Komfort [&hellip;]<\/p>\n","protected":false},"featured_media":21938,"template":"","meta":[],"product_brand":[],"product_cat":[178],"product_tag":[92,180,81],"class_list":{"0":"post-21681","1":"product","2":"type-product","3":"status-publish","4":"has-post-thumbnail","6":"product_cat-shorts","7":"product_tag-blue","8":"product_tag-pip-studio","9":"product_tag-stripes","10":"pa_groesse-l","11":"pa_groesse-m","12":"pa_groesse-s","13":"pa_groesse-xl","14":"pa_groesse-xs","15":"pa_groesse-xxl","17":"first","18":"instock","19":"taxable","20":"shipping-taxable","21":"purchasable","22":"product-type-variable"},"_links":{"self":[{"href":"https:\/\/www.bunterwaesche.com\/shop_ch\/wp-json\/wp\/v2\/product\/21681","targetHints":{"allow":["GET"]}}],"collection":[{"href":"https:\/\/www.bunterwaesche.com\/shop_ch\/wp-json\/wp\/v2\/product"}],"about":[{"href":"https:\/\/www.bunterwaesche.com\/shop_ch\/wp-json\/wp\/v2\/types\/product"}],"wp:featuredmedia":[{"embeddable":true,"href":"https:\/\/www.bunterwaesche.com\/shop_ch\/wp-json\/wp\/v2\/media\/21938"}],"wp:attachment":[{"href":"https:\/\/www.bunterwaesche.com\/shop_ch\/wp-json\/wp\/v2\/media?parent=21681"}],"wp:term":[{"taxonomy":"product_brand","embeddable":true,"href":"https:\/\/www.bunterwaesche.com\/shop_ch\/wp-json\/wp\/v2\/product_brand?post=21681"},{"taxonomy":"product_cat","embeddable":true,"href":"https:\/\/www.bunterwaesche.com\/shop_ch\/wp-json\/wp\/v2\/product_cat?post=21681"},{"taxonomy":"product_tag","embeddable":true,"href":"https:\/\/www.bunterwaesche.com\/shop_ch\/wp-json\/wp\/v2\/product_tag?post=21681"}],"curies":[{"name":"wp","href":"https:\/\/api.w.org\/{rel}","templated":true}]}}