{"id":21731,"date":"2025-01-30T15:35:07","date_gmt":"2025-01-30T14:35:07","guid":{"rendered":"https:\/\/www.bunterwaesche.com\/shop_ch\/?post_type=product&#038;p=21731"},"modified":"2026-01-28T11:13:16","modified_gmt":"2026-01-28T10:13:16","slug":"bob-short-trousers-jameela-blue","status":"publish","type":"product","link":"https:\/\/www.bunterwaesche.com\/shop_ch\/produkt\/bob-short-trousers-jameela-blue\/","title":{"rendered":"Bob Short Trousers Jameela Blue"},"content":{"rendered":"<p>Bist du bereit f\u00fcr ultimativen Komfort? Mit der Bob Kurze Hose holst du dir direkt Sonnenschein ins Haus. Diese kurze Hose ist aus einem weichen Stoff gefertigt, wodurch sie dehnbar und bequem ist. Neben einem elastischen Bund verf\u00fcgt die Hose auch \u00fcber ein farbiges Jersey-Kordelband f\u00fcr zus\u00e4tzlichen Komfort. Das Jameela-Muster zeigt zierliche Zweige mit kleinen Bl\u00e4ttern und Blumen, die aus der N\u00e4he handgestickt zu sein scheinen.<\/p>\n<p>95% Viskose und 5% Elasthan.<\/p>\n","protected":false},"excerpt":{"rendered":"<p>Bist du bereit f\u00fcr ultimativen Komfort? Mit der Bob Kurze Hose holst du dir direkt Sonnenschein ins Haus. Diese kurze Hose ist aus einem weichen Stoff gefertigt, wodurch sie dehnbar und bequem ist. Neben einem elastischen Bund verf\u00fcgt die Hose auch \u00fcber ein farbiges Jersey-Kordelband f\u00fcr zus\u00e4tzlichen Komfort. Das Jameela-Muster zeigt zierliche Zweige mit kleinen [&hellip;]<\/p>\n","protected":false},"featured_media":21936,"template":"","meta":[],"product_brand":[],"product_cat":[178],"product_tag":[92,491,180],"class_list":{"0":"post-21731","1":"product","2":"type-product","3":"status-publish","4":"has-post-thumbnail","6":"product_cat-shorts","7":"product_tag-blue","8":"product_tag-jameela","9":"product_tag-pip-studio","10":"pa_groesse-l","11":"pa_groesse-m","12":"pa_groesse-s","13":"pa_groesse-xl","14":"pa_groesse-xs","15":"pa_groesse-xxl","17":"first","18":"instock","19":"taxable","20":"shipping-taxable","21":"purchasable","22":"product-type-variable"},"_links":{"self":[{"href":"https:\/\/www.bunterwaesche.com\/shop_ch\/wp-json\/wp\/v2\/product\/21731","targetHints":{"allow":["GET"]}}],"collection":[{"href":"https:\/\/www.bunterwaesche.com\/shop_ch\/wp-json\/wp\/v2\/product"}],"about":[{"href":"https:\/\/www.bunterwaesche.com\/shop_ch\/wp-json\/wp\/v2\/types\/product"}],"wp:featuredmedia":[{"embeddable":true,"href":"https:\/\/www.bunterwaesche.com\/shop_ch\/wp-json\/wp\/v2\/media\/21936"}],"wp:attachment":[{"href":"https:\/\/www.bunterwaesche.com\/shop_ch\/wp-json\/wp\/v2\/media?parent=21731"}],"wp:term":[{"taxonomy":"product_brand","embeddable":true,"href":"https:\/\/www.bunterwaesche.com\/shop_ch\/wp-json\/wp\/v2\/product_brand?post=21731"},{"taxonomy":"product_cat","embeddable":true,"href":"https:\/\/www.bunterwaesche.com\/shop_ch\/wp-json\/wp\/v2\/product_cat?post=21731"},{"taxonomy":"product_tag","embeddable":true,"href":"https:\/\/www.bunterwaesche.com\/shop_ch\/wp-json\/wp\/v2\/product_tag?post=21731"}],"curies":[{"name":"wp","href":"https:\/\/api.w.org\/{rel}","templated":true}]}}