{"id":21762,"date":"2025-01-30T15:36:18","date_gmt":"2025-01-30T14:36:18","guid":{"rendered":"https:\/\/www.bunterwaesche.com\/shop_ch\/?post_type=product&#038;p=21762"},"modified":"2025-02-16T11:49:51","modified_gmt":"2025-02-16T10:49:51","slug":"toy-short-sleeve-top-matata-lilac","status":"publish","type":"product","link":"https:\/\/www.bunterwaesche.com\/shop_ch\/produkt\/toy-short-sleeve-top-matata-lilac\/","title":{"rendered":"Toy Short Sleeve Top Matata Lilac"},"content":{"rendered":"<p>Suchst du ein Basic-Top f\u00fcr einen l\u00e4ssigen Look? Dieses bequeme Toy Top Kurze \u00c4rmeln ist das perfekte Basisst\u00fcck zum Layern. Aus Viskose und Elasthan gefertigt, ist das Top wunderbar weich und dehnbar. Es hat einen V-Ausschnitt und kurze \u00c4rmel. Das Matata-Design zeigt gro\u00dfe Blumen und Bl\u00e4tter, die von afrikanischen Wachsdrucken inspiriert sind. Die Blumen sind mit gepunkteten R\u00e4ndern, Streifen und anderen verspielten Details verziert. Der Hintergrund hat ein dezentes Punktemuster.<\/p>\n<p>95% Viskose und 5% Elasthan<\/p>\n","protected":false},"excerpt":{"rendered":"<p>Suchst du ein Basic-Top f\u00fcr einen l\u00e4ssigen Look? Dieses bequeme Toy Top Kurze \u00c4rmeln ist das perfekte Basisst\u00fcck zum Layern. Aus Viskose und Elasthan gefertigt, ist das Top wunderbar weich und dehnbar. Es hat einen V-Ausschnitt und kurze \u00c4rmel. Das Matata-Design zeigt gro\u00dfe Blumen und Bl\u00e4tter, die von afrikanischen Wachsdrucken inspiriert sind. Die Blumen sind [&hellip;]<\/p>\n","protected":false},"featured_media":22038,"template":"","meta":[],"product_brand":[],"product_cat":[301],"product_tag":[422,493,180],"class_list":{"0":"post-21762","1":"product","2":"type-product","3":"status-publish","4":"has-post-thumbnail","6":"product_cat-t-shirt-kurzarm","7":"product_tag-lila","8":"product_tag-matata","9":"product_tag-pip-studio","10":"pa_groesse-l","11":"pa_groesse-m","12":"pa_groesse-s","13":"pa_groesse-xl","14":"pa_groesse-xs","15":"pa_groesse-xxl","17":"first","18":"instock","19":"taxable","20":"shipping-taxable","21":"purchasable","22":"product-type-variable"},"_links":{"self":[{"href":"https:\/\/www.bunterwaesche.com\/shop_ch\/wp-json\/wp\/v2\/product\/21762","targetHints":{"allow":["GET"]}}],"collection":[{"href":"https:\/\/www.bunterwaesche.com\/shop_ch\/wp-json\/wp\/v2\/product"}],"about":[{"href":"https:\/\/www.bunterwaesche.com\/shop_ch\/wp-json\/wp\/v2\/types\/product"}],"wp:featuredmedia":[{"embeddable":true,"href":"https:\/\/www.bunterwaesche.com\/shop_ch\/wp-json\/wp\/v2\/media\/22038"}],"wp:attachment":[{"href":"https:\/\/www.bunterwaesche.com\/shop_ch\/wp-json\/wp\/v2\/media?parent=21762"}],"wp:term":[{"taxonomy":"product_brand","embeddable":true,"href":"https:\/\/www.bunterwaesche.com\/shop_ch\/wp-json\/wp\/v2\/product_brand?post=21762"},{"taxonomy":"product_cat","embeddable":true,"href":"https:\/\/www.bunterwaesche.com\/shop_ch\/wp-json\/wp\/v2\/product_cat?post=21762"},{"taxonomy":"product_tag","embeddable":true,"href":"https:\/\/www.bunterwaesche.com\/shop_ch\/wp-json\/wp\/v2\/product_tag?post=21762"}],"curies":[{"name":"wp","href":"https:\/\/api.w.org\/{rel}","templated":true}]}}