{"id":21829,"date":"2025-01-30T15:39:01","date_gmt":"2025-01-30T14:39:01","guid":{"rendered":"https:\/\/www.bunterwaesche.com\/shop_ch\/?post_type=product&#038;p=21829"},"modified":"2025-02-15T13:55:53","modified_gmt":"2025-02-15T12:55:53","slug":"tatum-short-sleeve-top-little-sumo-stripe-lilac-2","status":"publish","type":"product","link":"https:\/\/www.bunterwaesche.com\/shop_ch\/produkt\/tatum-short-sleeve-top-little-sumo-stripe-lilac-2\/","title":{"rendered":"Tatum Short Sleeve Top Little Sumo Stripe Lilac"},"content":{"rendered":"<p>Das Tatum Top Kurze \u00c4rmeln Little Sumo Stripe ist dein Go-to-Item f\u00fcr einen l\u00e4ssigen und bequemen Look. Dieses oversized Top hat einen Rundhalsausschnitt und \u00fcberschnittene Schultern\u00e4hte, die f\u00fcr einen entspannten Stil sorgen. Mit seiner k\u00fcrzeren, geraden Passform l\u00e4sst sich dieses Top perfekt mit passenden Shorts oder Hosen kombinieren. Aus wunderbar weichem Stretch-Viskose gefertigt, bietet es h\u00f6chsten Tragekomfort. Das Little Sumo Stripe-Design mit subtilen tonalen Streifen verleiht einen spielerischen und stilvollen Touch.<\/p>\n<p>Hergestellt aus 48% Viskose, 48% Polyester und 4% Elasthan.<\/p>\n","protected":false},"excerpt":{"rendered":"<p>Das Tatum Top Kurze \u00c4rmeln Little Sumo Stripe ist dein Go-to-Item f\u00fcr einen l\u00e4ssigen und bequemen Look. Dieses oversized Top hat einen Rundhalsausschnitt und \u00fcberschnittene Schultern\u00e4hte, die f\u00fcr einen entspannten Stil sorgen. Mit seiner k\u00fcrzeren, geraden Passform l\u00e4sst sich dieses Top perfekt mit passenden Shorts oder Hosen kombinieren. Aus wunderbar weichem Stretch-Viskose gefertigt, bietet es [&hellip;]<\/p>\n","protected":false},"featured_media":22064,"template":"","meta":[],"product_brand":[],"product_cat":[301],"product_tag":[396,180],"class_list":{"0":"post-21829","1":"product","2":"type-product","3":"status-publish","4":"has-post-thumbnail","6":"product_cat-t-shirt-kurzarm","7":"product_tag-lilac","8":"product_tag-pip-studio","9":"pa_groesse-l","10":"pa_groesse-m","11":"pa_groesse-s","12":"pa_groesse-xl","13":"pa_groesse-xs","14":"pa_groesse-xxl","16":"first","17":"instock","18":"taxable","19":"shipping-taxable","20":"purchasable","21":"product-type-variable"},"_links":{"self":[{"href":"https:\/\/www.bunterwaesche.com\/shop_ch\/wp-json\/wp\/v2\/product\/21829","targetHints":{"allow":["GET"]}}],"collection":[{"href":"https:\/\/www.bunterwaesche.com\/shop_ch\/wp-json\/wp\/v2\/product"}],"about":[{"href":"https:\/\/www.bunterwaesche.com\/shop_ch\/wp-json\/wp\/v2\/types\/product"}],"wp:featuredmedia":[{"embeddable":true,"href":"https:\/\/www.bunterwaesche.com\/shop_ch\/wp-json\/wp\/v2\/media\/22064"}],"wp:attachment":[{"href":"https:\/\/www.bunterwaesche.com\/shop_ch\/wp-json\/wp\/v2\/media?parent=21829"}],"wp:term":[{"taxonomy":"product_brand","embeddable":true,"href":"https:\/\/www.bunterwaesche.com\/shop_ch\/wp-json\/wp\/v2\/product_brand?post=21829"},{"taxonomy":"product_cat","embeddable":true,"href":"https:\/\/www.bunterwaesche.com\/shop_ch\/wp-json\/wp\/v2\/product_cat?post=21829"},{"taxonomy":"product_tag","embeddable":true,"href":"https:\/\/www.bunterwaesche.com\/shop_ch\/wp-json\/wp\/v2\/product_tag?post=21829"}],"curies":[{"name":"wp","href":"https:\/\/api.w.org\/{rel}","templated":true}]}}