{"id":21836,"date":"2025-01-30T15:39:32","date_gmt":"2025-01-30T14:39:32","guid":{"rendered":"https:\/\/www.bunterwaesche.com\/shop_ch\/?post_type=product&#038;p=21836"},"modified":"2026-01-28T11:13:16","modified_gmt":"2026-01-28T10:13:16","slug":"tatum-short-sleeve-top-little-sumo-stripe-sand","status":"publish","type":"product","link":"https:\/\/www.bunterwaesche.com\/shop_ch\/produkt\/tatum-short-sleeve-top-little-sumo-stripe-sand\/","title":{"rendered":"Tatum Short Sleeve Top Little Sumo Stripe Sand"},"content":{"rendered":"<p>Das Tatum Top Kurze \u00c4rmeln Little Sumo Stripe ist dein perfektes Kleidungsst\u00fcck f\u00fcr einen l\u00e4ssigen und bequemen Look. Dieses oversized Top hat einen Rundhalsausschnitt und tief angesetzte Schultern\u00e4hte, was f\u00fcr ein entspanntes Tragegef\u00fchl sorgt. Mit seinem k\u00fcrzeren, geraden Schnitt l\u00e4sst sich dieses Top ideal mit passenden Shorts oder Hosen kombinieren. Hergestellt aus wunderbar weicher Stretch-Viskose bietet dieses Top ultimativen Komfort. Das Little Sumo Stripe Design mit subtilen tonalen Streifen verleiht eine spielerische und stilvolle Note.<\/p>\n<p>48% Viskose, 48% Polyester und 4% Elasthan<\/p>\n","protected":false},"excerpt":{"rendered":"<p>Das Tatum Top Kurze \u00c4rmeln Little Sumo Stripe ist dein perfektes Kleidungsst\u00fcck f\u00fcr einen l\u00e4ssigen und bequemen Look. Dieses oversized Top hat einen Rundhalsausschnitt und tief angesetzte Schultern\u00e4hte, was f\u00fcr ein entspanntes Tragegef\u00fchl sorgt. Mit seinem k\u00fcrzeren, geraden Schnitt l\u00e4sst sich dieses Top ideal mit passenden Shorts oder Hosen kombinieren. Hergestellt aus wunderbar weicher Stretch-Viskose [&hellip;]<\/p>\n","protected":false},"featured_media":20888,"template":"","meta":[],"product_brand":[],"product_cat":[301],"product_tag":[180,93],"class_list":{"0":"post-21836","1":"product","2":"type-product","3":"status-publish","4":"has-post-thumbnail","6":"product_cat-t-shirt-kurzarm","7":"product_tag-pip-studio","8":"product_tag-sand","9":"pa_groesse-l","10":"pa_groesse-m","11":"pa_groesse-s","12":"pa_groesse-xl","13":"pa_groesse-xs","14":"pa_groesse-xxl","16":"first","17":"instock","18":"taxable","19":"shipping-taxable","20":"purchasable","21":"product-type-variable"},"_links":{"self":[{"href":"https:\/\/www.bunterwaesche.com\/shop_ch\/wp-json\/wp\/v2\/product\/21836","targetHints":{"allow":["GET"]}}],"collection":[{"href":"https:\/\/www.bunterwaesche.com\/shop_ch\/wp-json\/wp\/v2\/product"}],"about":[{"href":"https:\/\/www.bunterwaesche.com\/shop_ch\/wp-json\/wp\/v2\/types\/product"}],"wp:featuredmedia":[{"embeddable":true,"href":"https:\/\/www.bunterwaesche.com\/shop_ch\/wp-json\/wp\/v2\/media\/20888"}],"wp:attachment":[{"href":"https:\/\/www.bunterwaesche.com\/shop_ch\/wp-json\/wp\/v2\/media?parent=21836"}],"wp:term":[{"taxonomy":"product_brand","embeddable":true,"href":"https:\/\/www.bunterwaesche.com\/shop_ch\/wp-json\/wp\/v2\/product_brand?post=21836"},{"taxonomy":"product_cat","embeddable":true,"href":"https:\/\/www.bunterwaesche.com\/shop_ch\/wp-json\/wp\/v2\/product_cat?post=21836"},{"taxonomy":"product_tag","embeddable":true,"href":"https:\/\/www.bunterwaesche.com\/shop_ch\/wp-json\/wp\/v2\/product_tag?post=21836"}],"curies":[{"name":"wp","href":"https:\/\/api.w.org\/{rel}","templated":true}]}}