{"id":21843,"date":"2025-01-30T15:40:02","date_gmt":"2025-01-30T14:40:02","guid":{"rendered":"https:\/\/www.bunterwaesche.com\/shop_ch\/?post_type=product&#038;p=21843"},"modified":"2025-07-03T20:36:58","modified_gmt":"2025-07-03T18:36:58","slug":"selina-sleeveless-top-jameela-blue","status":"publish","type":"product","link":"https:\/\/www.bunterwaesche.com\/shop_ch\/produkt\/selina-sleeveless-top-jameela-blue\/","title":{"rendered":"Selina Sleeveless Top Jameela Blue"},"content":{"rendered":"<p>Das Selina \u00c4rmellos Top ist das perfekte Oberteil f\u00fcr sommerliches Wetter und leicht zu tragen. Aus weicher Viskose und Elastan gefertigt, bietet es maximalen Komfort. Das Top verf\u00fcgt \u00fcber verstellbare Spaghettitr\u00e4ger und ein goldfarbenes Besatzdetail in der Mitte des Ausschnitts. Das Jameela-Muster zeigt elegante Zweige mit kleinen Bl\u00e4ttern und Blumen, die aus der N\u00e4he wie von Hand bestickt wirken.<\/p>\n<p>95% Viskose und 5% Elasthan.<\/p>\n","protected":false},"excerpt":{"rendered":"<p>Das Selina \u00c4rmellos Top ist das perfekte Oberteil f\u00fcr sommerliches Wetter und leicht zu tragen. Aus weicher Viskose und Elastan gefertigt, bietet es maximalen Komfort. Das Top verf\u00fcgt \u00fcber verstellbare Spaghettitr\u00e4ger und ein goldfarbenes Besatzdetail in der Mitte des Ausschnitts. Das Jameela-Muster zeigt elegante Zweige mit kleinen Bl\u00e4ttern und Blumen, die aus der N\u00e4he wie [&hellip;]<\/p>\n","protected":false},"featured_media":22078,"template":"","meta":[],"product_brand":[],"product_cat":[301],"product_tag":[92,491,180],"class_list":{"0":"post-21843","1":"product","2":"type-product","3":"status-publish","4":"has-post-thumbnail","6":"product_cat-t-shirt-kurzarm","7":"product_tag-blue","8":"product_tag-jameela","9":"product_tag-pip-studio","10":"pa_groesse-l","11":"pa_groesse-m","12":"pa_groesse-s","13":"pa_groesse-xl","14":"pa_groesse-xs","15":"pa_groesse-xxl","17":"first","18":"instock","19":"taxable","20":"shipping-taxable","21":"purchasable","22":"product-type-variable"},"_links":{"self":[{"href":"https:\/\/www.bunterwaesche.com\/shop_ch\/wp-json\/wp\/v2\/product\/21843","targetHints":{"allow":["GET"]}}],"collection":[{"href":"https:\/\/www.bunterwaesche.com\/shop_ch\/wp-json\/wp\/v2\/product"}],"about":[{"href":"https:\/\/www.bunterwaesche.com\/shop_ch\/wp-json\/wp\/v2\/types\/product"}],"wp:featuredmedia":[{"embeddable":true,"href":"https:\/\/www.bunterwaesche.com\/shop_ch\/wp-json\/wp\/v2\/media\/22078"}],"wp:attachment":[{"href":"https:\/\/www.bunterwaesche.com\/shop_ch\/wp-json\/wp\/v2\/media?parent=21843"}],"wp:term":[{"taxonomy":"product_brand","embeddable":true,"href":"https:\/\/www.bunterwaesche.com\/shop_ch\/wp-json\/wp\/v2\/product_brand?post=21843"},{"taxonomy":"product_cat","embeddable":true,"href":"https:\/\/www.bunterwaesche.com\/shop_ch\/wp-json\/wp\/v2\/product_cat?post=21843"},{"taxonomy":"product_tag","embeddable":true,"href":"https:\/\/www.bunterwaesche.com\/shop_ch\/wp-json\/wp\/v2\/product_tag?post=21843"}],"curies":[{"name":"wp","href":"https:\/\/api.w.org\/{rel}","templated":true}]}}