{"id":21851,"date":"2025-01-30T15:40:32","date_gmt":"2025-01-30T14:40:32","guid":{"rendered":"https:\/\/www.bunterwaesche.com\/shop_ch\/?post_type=product&#038;p=21851"},"modified":"2025-05-04T13:15:57","modified_gmt":"2025-05-04T11:15:57","slug":"trinity-sleeveless-top-little-sumo-stripe-blue","status":"publish","type":"product","link":"https:\/\/www.bunterwaesche.com\/shop_ch\/produkt\/trinity-sleeveless-top-little-sumo-stripe-blue\/","title":{"rendered":"Trinity Sleeveless Top Little Sumo Stripe Blue"},"content":{"rendered":"<p>Das Trinity Top ohne \u00c4rmel hat einen runden Ausschnitt und breite Tr\u00e4ger. Es besteht aus Baumwolle in einer 2&#215;2-Rippstruktur, die f\u00fcr ein angenehmes und elastisches Tragegef\u00fchl sorgt. Das Modell ist k\u00f6rpernah geschnitten, bietet jedoch eine entspannte Passform. Das Little Sumo Stripe Muster mit subtilen tonalen Streifen verleiht einen spielerischen und stilvollen Touch.<\/p>\n<p>Hergestellt aus 100% Baumwolle<\/p>\n","protected":false},"excerpt":{"rendered":"<p>Das Trinity Top ohne \u00c4rmel hat einen runden Ausschnitt und breite Tr\u00e4ger. Es besteht aus Baumwolle in einer 2&#215;2-Rippstruktur, die f\u00fcr ein angenehmes und elastisches Tragegef\u00fchl sorgt. Das Modell ist k\u00f6rpernah geschnitten, bietet jedoch eine entspannte Passform. Das Little Sumo Stripe Muster mit subtilen tonalen Streifen verleiht einen spielerischen und stilvollen Touch. Hergestellt aus 100% [&hellip;]<\/p>\n","protected":false},"featured_media":22080,"template":"","meta":[],"product_brand":[],"product_cat":[301],"product_tag":[92,180,81],"class_list":{"0":"post-21851","1":"product","2":"type-product","3":"status-publish","4":"has-post-thumbnail","6":"product_cat-t-shirt-kurzarm","7":"product_tag-blue","8":"product_tag-pip-studio","9":"product_tag-stripes","10":"pa_groesse-l","11":"pa_groesse-m","12":"pa_groesse-s","13":"pa_groesse-xl","14":"pa_groesse-xs","15":"pa_groesse-xxl","17":"first","18":"instock","19":"taxable","20":"shipping-taxable","21":"purchasable","22":"product-type-variable"},"_links":{"self":[{"href":"https:\/\/www.bunterwaesche.com\/shop_ch\/wp-json\/wp\/v2\/product\/21851","targetHints":{"allow":["GET"]}}],"collection":[{"href":"https:\/\/www.bunterwaesche.com\/shop_ch\/wp-json\/wp\/v2\/product"}],"about":[{"href":"https:\/\/www.bunterwaesche.com\/shop_ch\/wp-json\/wp\/v2\/types\/product"}],"wp:featuredmedia":[{"embeddable":true,"href":"https:\/\/www.bunterwaesche.com\/shop_ch\/wp-json\/wp\/v2\/media\/22080"}],"wp:attachment":[{"href":"https:\/\/www.bunterwaesche.com\/shop_ch\/wp-json\/wp\/v2\/media?parent=21851"}],"wp:term":[{"taxonomy":"product_brand","embeddable":true,"href":"https:\/\/www.bunterwaesche.com\/shop_ch\/wp-json\/wp\/v2\/product_brand?post=21851"},{"taxonomy":"product_cat","embeddable":true,"href":"https:\/\/www.bunterwaesche.com\/shop_ch\/wp-json\/wp\/v2\/product_cat?post=21851"},{"taxonomy":"product_tag","embeddable":true,"href":"https:\/\/www.bunterwaesche.com\/shop_ch\/wp-json\/wp\/v2\/product_tag?post=21851"}],"curies":[{"name":"wp","href":"https:\/\/api.w.org\/{rel}","templated":true}]}}