{"id":21900,"date":"2025-01-30T15:44:01","date_gmt":"2025-01-30T14:44:01","guid":{"rendered":"https:\/\/www.bunterwaesche.com\/shop_ch\/?post_type=product&#038;p=21900"},"modified":"2025-02-15T11:07:05","modified_gmt":"2025-02-15T10:07:05","slug":"bobien-long-trousers-mojo-pink","status":"publish","type":"product","link":"https:\/\/www.bunterwaesche.com\/shop_ch\/produkt\/bobien-long-trousers-mojo-pink\/","title":{"rendered":"Bobien Long Trousers Mojo Pink"},"content":{"rendered":"<p>Die Bobien Lange Hose ist die perfekte Kombination aus Komfort und Stil. Diese Hose besteht aus wunderbar weichem Material, das den ganzen Tag \u00fcber f\u00fcr Bequemlichkeit sorgt. Der elastische Bund und der Kordelzug sorgen f\u00fcr eine perfekte Passform und ultimativen Komfort. Das Mojo-Muster zeigt ein kleines, wiederholtes Blumenmotiv.<\/p>\n<p>&nbsp;<\/p>\n","protected":false},"excerpt":{"rendered":"<p>Die Bobien Lange Hose ist die perfekte Kombination aus Komfort und Stil. Diese Hose besteht aus wunderbar weichem Material, das den ganzen Tag \u00fcber f\u00fcr Bequemlichkeit sorgt. Der elastische Bund und der Kordelzug sorgen f\u00fcr eine perfekte Passform und ultimativen Komfort. Das Mojo-Muster zeigt ein kleines, wiederholtes Blumenmotiv. &nbsp;<\/p>\n","protected":false},"featured_media":22134,"template":"","meta":[],"product_brand":[],"product_cat":[382],"product_tag":[492,96,180],"class_list":{"0":"post-21900","1":"product","2":"type-product","3":"status-publish","4":"has-post-thumbnail","6":"product_cat-pip-studio-hosen","7":"product_tag-mojo","8":"product_tag-pink","9":"product_tag-pip-studio","10":"pa_groesse-l","11":"pa_groesse-m","12":"pa_groesse-s","13":"pa_groesse-xl","14":"pa_groesse-xs","15":"pa_groesse-xxl","17":"first","18":"instock","19":"taxable","20":"shipping-taxable","21":"purchasable","22":"product-type-variable"},"_links":{"self":[{"href":"https:\/\/www.bunterwaesche.com\/shop_ch\/wp-json\/wp\/v2\/product\/21900","targetHints":{"allow":["GET"]}}],"collection":[{"href":"https:\/\/www.bunterwaesche.com\/shop_ch\/wp-json\/wp\/v2\/product"}],"about":[{"href":"https:\/\/www.bunterwaesche.com\/shop_ch\/wp-json\/wp\/v2\/types\/product"}],"wp:featuredmedia":[{"embeddable":true,"href":"https:\/\/www.bunterwaesche.com\/shop_ch\/wp-json\/wp\/v2\/media\/22134"}],"wp:attachment":[{"href":"https:\/\/www.bunterwaesche.com\/shop_ch\/wp-json\/wp\/v2\/media?parent=21900"}],"wp:term":[{"taxonomy":"product_brand","embeddable":true,"href":"https:\/\/www.bunterwaesche.com\/shop_ch\/wp-json\/wp\/v2\/product_brand?post=21900"},{"taxonomy":"product_cat","embeddable":true,"href":"https:\/\/www.bunterwaesche.com\/shop_ch\/wp-json\/wp\/v2\/product_cat?post=21900"},{"taxonomy":"product_tag","embeddable":true,"href":"https:\/\/www.bunterwaesche.com\/shop_ch\/wp-json\/wp\/v2\/product_tag?post=21900"}],"curies":[{"name":"wp","href":"https:\/\/api.w.org\/{rel}","templated":true}]}}