{"id":21907,"date":"2025-01-30T15:44:31","date_gmt":"2025-01-30T14:44:31","guid":{"rendered":"https:\/\/www.bunterwaesche.com\/shop_ch\/?post_type=product&#038;p=21907"},"modified":"2025-07-08T08:15:50","modified_gmt":"2025-07-08T06:15:50","slug":"bobien-long-trousers-jameela-blue","status":"publish","type":"product","link":"https:\/\/www.bunterwaesche.com\/shop_ch\/produkt\/bobien-long-trousers-jameela-blue\/","title":{"rendered":"Bobien Long Trousers Jameela Blue"},"content":{"rendered":"<p>Die Bobien Lange Hose ist die perfekte Kombination aus Komfort und Stil. Diese Hose besteht aus wunderbar weichem Material, das dich den ganzen Tag \u00fcber bequem h\u00e4lt. Der elastische Bund und die Kordel sorgen f\u00fcr eine perfekte Passform und ultimativen Komfort. Das Jameela-Muster zeigt elegante Zweige mit kleinen Bl\u00e4ttern und Blumen, die aus der N\u00e4he wie von Hand bestickt wirken.<\/p>\n<p>95% Viskose und 5% Elasthan<\/p>\n","protected":false},"excerpt":{"rendered":"<p>Die Bobien Lange Hose ist die perfekte Kombination aus Komfort und Stil. Diese Hose besteht aus wunderbar weichem Material, das dich den ganzen Tag \u00fcber bequem h\u00e4lt. Der elastische Bund und die Kordel sorgen f\u00fcr eine perfekte Passform und ultimativen Komfort. Das Jameela-Muster zeigt elegante Zweige mit kleinen Bl\u00e4ttern und Blumen, die aus der N\u00e4he [&hellip;]<\/p>\n","protected":false},"featured_media":21924,"template":"","meta":[],"product_brand":[],"product_cat":[382],"product_tag":[92,491,180,93],"class_list":{"0":"post-21907","1":"product","2":"type-product","3":"status-publish","4":"has-post-thumbnail","6":"product_cat-pip-studio-hosen","7":"product_tag-blue","8":"product_tag-jameela","9":"product_tag-pip-studio","10":"product_tag-sand","11":"pa_groesse-l","12":"pa_groesse-m","13":"pa_groesse-s","14":"pa_groesse-xl","15":"pa_groesse-xs","16":"pa_groesse-xxl","18":"first","19":"instock","20":"taxable","21":"shipping-taxable","22":"purchasable","23":"product-type-variable"},"_links":{"self":[{"href":"https:\/\/www.bunterwaesche.com\/shop_ch\/wp-json\/wp\/v2\/product\/21907","targetHints":{"allow":["GET"]}}],"collection":[{"href":"https:\/\/www.bunterwaesche.com\/shop_ch\/wp-json\/wp\/v2\/product"}],"about":[{"href":"https:\/\/www.bunterwaesche.com\/shop_ch\/wp-json\/wp\/v2\/types\/product"}],"wp:featuredmedia":[{"embeddable":true,"href":"https:\/\/www.bunterwaesche.com\/shop_ch\/wp-json\/wp\/v2\/media\/21924"}],"wp:attachment":[{"href":"https:\/\/www.bunterwaesche.com\/shop_ch\/wp-json\/wp\/v2\/media?parent=21907"}],"wp:term":[{"taxonomy":"product_brand","embeddable":true,"href":"https:\/\/www.bunterwaesche.com\/shop_ch\/wp-json\/wp\/v2\/product_brand?post=21907"},{"taxonomy":"product_cat","embeddable":true,"href":"https:\/\/www.bunterwaesche.com\/shop_ch\/wp-json\/wp\/v2\/product_cat?post=21907"},{"taxonomy":"product_tag","embeddable":true,"href":"https:\/\/www.bunterwaesche.com\/shop_ch\/wp-json\/wp\/v2\/product_tag?post=21907"}],"curies":[{"name":"wp","href":"https:\/\/api.w.org\/{rel}","templated":true}]}}