{"id":22220,"date":"2025-02-16T12:22:37","date_gmt":"2025-02-16T11:22:37","guid":{"rendered":"https:\/\/www.bunterwaesche.com\/shop_ch\/?post_type=product&#038;p=22220"},"modified":"2025-02-20T09:34:29","modified_gmt":"2025-02-20T08:34:29","slug":"nicolle-jacket-little-sumo-stripe-sand","status":"publish","type":"product","link":"https:\/\/www.bunterwaesche.com\/shop_ch\/produkt\/nicolle-jacket-little-sumo-stripe-sand\/","title":{"rendered":"Nicolle Jacket Little Sumo Stripe Sand"},"content":{"rendered":"<p>Die Nicolle Strickjacke hat eine Kapuze und besteht aus einer luxuri\u00f6sen Mischung aus 80 % Baumwolle und 20 % Polyester, die sich wunderbar weich und warm auf der Haut anf\u00fchlt. Die Jacke hat einen Rei\u00dfverschluss als Verschluss sowie zwei Eingrifftaschen auf der Vorderseite. Die B\u00fcndchen an den \u00c4rmeln und am unteren Saum sorgen f\u00fcr die perfekte Passform, sodass du auch an den k\u00e4ltesten Tagen bequem und modisch bleibst. Das Little Sumo Stripe Muster mit subtilen tonalen Streifen verleiht einen spielerischen und stilvollen Touch.<\/p>\n<p>&nbsp;<\/p>\n","protected":false},"excerpt":{"rendered":"<p>Die Nicolle Strickjacke hat eine Kapuze und besteht aus einer luxuri\u00f6sen Mischung aus 80 % Baumwolle und 20 % Polyester, die sich wunderbar weich und warm auf der Haut anf\u00fchlt. Die Jacke hat einen Rei\u00dfverschluss als Verschluss sowie zwei Eingrifftaschen auf der Vorderseite. Die B\u00fcndchen an den \u00c4rmeln und am unteren Saum sorgen f\u00fcr die [&hellip;]<\/p>\n","protected":false},"featured_media":22098,"template":"","meta":[],"product_brand":[],"product_cat":[393],"product_tag":[92,491,493,180,93,81],"class_list":{"0":"post-22220","1":"product","2":"type-product","3":"status-publish","4":"has-post-thumbnail","6":"product_cat-hoddies-sweater-jacken","7":"product_tag-blue","8":"product_tag-jameela","9":"product_tag-matata","10":"product_tag-pip-studio","11":"product_tag-sand","12":"product_tag-stripes","13":"pa_groesse-l","14":"pa_groesse-m","15":"pa_groesse-s","16":"pa_groesse-xl","17":"pa_groesse-xs","18":"pa_groesse-xxl","20":"first","21":"instock","22":"taxable","23":"shipping-taxable","24":"purchasable","25":"product-type-variable"},"_links":{"self":[{"href":"https:\/\/www.bunterwaesche.com\/shop_ch\/wp-json\/wp\/v2\/product\/22220","targetHints":{"allow":["GET"]}}],"collection":[{"href":"https:\/\/www.bunterwaesche.com\/shop_ch\/wp-json\/wp\/v2\/product"}],"about":[{"href":"https:\/\/www.bunterwaesche.com\/shop_ch\/wp-json\/wp\/v2\/types\/product"}],"wp:featuredmedia":[{"embeddable":true,"href":"https:\/\/www.bunterwaesche.com\/shop_ch\/wp-json\/wp\/v2\/media\/22098"}],"wp:attachment":[{"href":"https:\/\/www.bunterwaesche.com\/shop_ch\/wp-json\/wp\/v2\/media?parent=22220"}],"wp:term":[{"taxonomy":"product_brand","embeddable":true,"href":"https:\/\/www.bunterwaesche.com\/shop_ch\/wp-json\/wp\/v2\/product_brand?post=22220"},{"taxonomy":"product_cat","embeddable":true,"href":"https:\/\/www.bunterwaesche.com\/shop_ch\/wp-json\/wp\/v2\/product_cat?post=22220"},{"taxonomy":"product_tag","embeddable":true,"href":"https:\/\/www.bunterwaesche.com\/shop_ch\/wp-json\/wp\/v2\/product_tag?post=22220"}],"curies":[{"name":"wp","href":"https:\/\/api.w.org\/{rel}","templated":true}]}}