{"id":22242,"date":"2025-02-20T10:01:13","date_gmt":"2025-02-20T09:01:13","guid":{"rendered":"https:\/\/www.bunterwaesche.com\/shop_ch\/?post_type=product&#038;p=22242"},"modified":"2025-10-18T09:30:51","modified_gmt":"2025-10-18T07:30:51","slug":"tovy-weekend-bag-medium-flores-red","status":"publish","type":"product","link":"https:\/\/www.bunterwaesche.com\/shop_ch\/produkt\/tovy-weekend-bag-medium-flores-red\/","title":{"rendered":"Tovy Weekend Bag Medium Flores Red"},"content":{"rendered":"<p>Hast du einen Urlaub oder ein Wochenende geplant? Dann ist diese praktische Reisetasche ein Muss. Neben ihrer Funktionalit\u00e4t ist unsere mittlere Reisetasche auch ein echter Hingucker. Das Flores Felices Muster besteht aus eleganten Zweigen, an denen Fantasieblumen wachsen. Der rote Hintergrund hat ein traditionelles Karomuster, was f\u00fcr eine warme Ausstrahlung sorgt. Die Tasche verf\u00fcgt \u00fcber ein gro\u00dfes Staufach, einen Rei\u00dfverschluss und zus\u00e4tzliche kleine Innenf\u00e4cher. Praktisch, denn so hast du deine wichtigen Gegenst\u00e4nde immer griffbereit. M\u00f6chtest du dein Handgep\u00e4ck lieber nicht einchecken? Kein Problem, die mittlere Reisetasche hat die passende Gr\u00f6\u00dfe, um als Handgep\u00e4ck im Flugzeug mitgef\u00fchrt zu werden. Neugierig auf passende Taschen? Dann wirf einen Blick auf unsere umfangreiche Taschensammlung.<\/p>\n","protected":false},"excerpt":{"rendered":"<p>Hast du einen Urlaub oder ein Wochenende geplant? Dann ist diese praktische Reisetasche ein Muss. Neben ihrer Funktionalit\u00e4t ist unsere mittlere Reisetasche auch ein echter Hingucker. Das Flores Felices Muster besteht aus eleganten Zweigen, an denen Fantasieblumen wachsen. Der rote Hintergrund hat ein traditionelles Karomuster, was f\u00fcr eine warme Ausstrahlung sorgt. Die Tasche verf\u00fcgt \u00fcber [&hellip;]<\/p>\n","protected":false},"featured_media":24155,"template":"","meta":[],"product_brand":[],"product_cat":[519],"product_tag":[180,88],"class_list":{"0":"post-22242","1":"product","2":"type-product","3":"status-publish","4":"has-post-thumbnail","6":"product_cat-taschen-2","7":"product_tag-pip-studio","8":"product_tag-red","10":"first","11":"instock","12":"taxable","13":"shipping-taxable","14":"purchasable","15":"product-type-simple"},"_links":{"self":[{"href":"https:\/\/www.bunterwaesche.com\/shop_ch\/wp-json\/wp\/v2\/product\/22242","targetHints":{"allow":["GET"]}}],"collection":[{"href":"https:\/\/www.bunterwaesche.com\/shop_ch\/wp-json\/wp\/v2\/product"}],"about":[{"href":"https:\/\/www.bunterwaesche.com\/shop_ch\/wp-json\/wp\/v2\/types\/product"}],"wp:featuredmedia":[{"embeddable":true,"href":"https:\/\/www.bunterwaesche.com\/shop_ch\/wp-json\/wp\/v2\/media\/24155"}],"wp:attachment":[{"href":"https:\/\/www.bunterwaesche.com\/shop_ch\/wp-json\/wp\/v2\/media?parent=22242"}],"wp:term":[{"taxonomy":"product_brand","embeddable":true,"href":"https:\/\/www.bunterwaesche.com\/shop_ch\/wp-json\/wp\/v2\/product_brand?post=22242"},{"taxonomy":"product_cat","embeddable":true,"href":"https:\/\/www.bunterwaesche.com\/shop_ch\/wp-json\/wp\/v2\/product_cat?post=22242"},{"taxonomy":"product_tag","embeddable":true,"href":"https:\/\/www.bunterwaesche.com\/shop_ch\/wp-json\/wp\/v2\/product_tag?post=22242"}],"curies":[{"name":"wp","href":"https:\/\/api.w.org\/{rel}","templated":true}]}}