{"id":22258,"date":"2025-03-08T12:10:39","date_gmt":"2025-03-08T11:10:39","guid":{"rendered":"https:\/\/www.bunterwaesche.com\/shop_ch\/?post_type=product&#038;p=22258"},"modified":"2026-01-29T14:00:18","modified_gmt":"2026-01-29T13:00:18","slug":"bustier-mit-pads-duenne-traeger-weiss","status":"publish","type":"product","link":"https:\/\/www.bunterwaesche.com\/shop_ch\/produkt\/bustier-mit-pads-duenne-traeger-weiss\/","title":{"rendered":"Bustier mit Pads d\u00fcnne Tr\u00e4ger weiss"},"content":{"rendered":"<p>So weich und dabei unsichtbar: Die Damenw\u00e4sche unserer Invisible Soft hat vor allem einen Fokus: grenzenlosen Komfort. Der Look von BHs, Bustiers oder Slips ist clean und modern, die Details sind raffiniert: beflockte S\u00e4ume f\u00fcr garantierten Halt, Lasercut-Abschl\u00fcsse und gebondete Seitenn\u00e4hte f\u00fcr ein gutes Gef\u00fchl auf der Haut; alles verpackt in coolen Schnitten. Das Ergebnis: ein Gef\u00fchl wie unsichtbar.<\/p>\n<p>mit herausnehmbaren Pads f\u00fcr perfekten Halt<br \/>\nverstellbare, schmale Tr\u00e4ger und V-Ausschnitt<br \/>\nLasercut-Abschl\u00fcsse und gebondete Seitenn\u00e4hte f\u00fcr besten Tragekomfort<br \/>\nin softer, elastischer Microfaser-Qualit\u00e4t<\/p>\n","protected":false},"excerpt":{"rendered":"<p>So weich und dabei unsichtbar: Die Damenw\u00e4sche unserer Invisible Soft hat vor allem einen Fokus: grenzenlosen Komfort. Der Look von BHs, Bustiers oder Slips ist clean und modern, die Details sind raffiniert: beflockte S\u00e4ume f\u00fcr garantierten Halt, Lasercut-Abschl\u00fcsse und gebondete Seitenn\u00e4hte f\u00fcr ein gutes Gef\u00fchl auf der Haut; alles verpackt in coolen Schnitten. Das Ergebnis: [&hellip;]<\/p>\n","protected":false},"featured_media":24040,"template":"","meta":[],"product_brand":[],"product_cat":[433],"product_tag":[432,434,298,91],"class_list":{"0":"post-22258","1":"product","2":"type-product","3":"status-publish","4":"has-post-thumbnail","6":"product_cat-schiesser","7":"product_tag-bustier","8":"product_tag-schiesser","9":"product_tag-weiss","10":"product_tag-white","11":"pa_groesse-l","12":"pa_groesse-m","13":"pa_groesse-s","14":"pa_groesse-xl","15":"pa_groesse-xs","16":"pa_groesse-xxl","18":"first","19":"instock","20":"taxable","21":"shipping-taxable","22":"purchasable","23":"product-type-variable"},"_links":{"self":[{"href":"https:\/\/www.bunterwaesche.com\/shop_ch\/wp-json\/wp\/v2\/product\/22258","targetHints":{"allow":["GET"]}}],"collection":[{"href":"https:\/\/www.bunterwaesche.com\/shop_ch\/wp-json\/wp\/v2\/product"}],"about":[{"href":"https:\/\/www.bunterwaesche.com\/shop_ch\/wp-json\/wp\/v2\/types\/product"}],"wp:featuredmedia":[{"embeddable":true,"href":"https:\/\/www.bunterwaesche.com\/shop_ch\/wp-json\/wp\/v2\/media\/24040"}],"wp:attachment":[{"href":"https:\/\/www.bunterwaesche.com\/shop_ch\/wp-json\/wp\/v2\/media?parent=22258"}],"wp:term":[{"taxonomy":"product_brand","embeddable":true,"href":"https:\/\/www.bunterwaesche.com\/shop_ch\/wp-json\/wp\/v2\/product_brand?post=22258"},{"taxonomy":"product_cat","embeddable":true,"href":"https:\/\/www.bunterwaesche.com\/shop_ch\/wp-json\/wp\/v2\/product_cat?post=22258"},{"taxonomy":"product_tag","embeddable":true,"href":"https:\/\/www.bunterwaesche.com\/shop_ch\/wp-json\/wp\/v2\/product_tag?post=22258"}],"curies":[{"name":"wp","href":"https:\/\/api.w.org\/{rel}","templated":true}]}}