{"id":22477,"date":"2025-08-01T22:52:10","date_gmt":"2025-08-01T20:52:10","guid":{"rendered":"https:\/\/www.bunterwaesche.com\/shop_ch\/?post_type=product&#038;p=22477"},"modified":"2025-08-04T11:45:29","modified_gmt":"2025-08-04T09:45:29","slug":"bustier-mit-pads-zartrosa","status":"publish","type":"product","link":"https:\/\/www.bunterwaesche.com\/shop_ch\/produkt\/bustier-mit-pads-zartrosa\/","title":{"rendered":"Bustier mit Pads zartrosa"},"content":{"rendered":"<p>Bustier f\u00fcr Damen in Zartrosa<br \/>\naus der SCHIESSER Serie &#8222;Invisible Soft&#8220;<br \/>\nmit herausnehmbaren Pads und V-Ausschnitt<br \/>\nLasercut-Abschl\u00fcsse f\u00fcr besten Tragekomfort<br \/>\nunsichtbar selbst unter eng anliegender Kleidung<br \/>\nin extra-softer Mikro-Qualit\u00e4t mit Peach-Finish<\/p>\n","protected":false},"excerpt":{"rendered":"<p>Bustier f\u00fcr Damen in Zartrosa aus der SCHIESSER Serie &#8222;Invisible Soft&#8220; mit herausnehmbaren Pads und V-Ausschnitt Lasercut-Abschl\u00fcsse f\u00fcr besten Tragekomfort unsichtbar selbst unter eng anliegender Kleidung in extra-softer Mikro-Qualit\u00e4t mit Peach-Finish<\/p>\n","protected":false},"featured_media":22509,"template":"","meta":[],"product_brand":[],"product_cat":[433],"product_tag":[432,434,496],"class_list":{"0":"post-22477","1":"product","2":"type-product","3":"status-publish","4":"has-post-thumbnail","6":"product_cat-schiesser","7":"product_tag-bustier","8":"product_tag-schiesser","9":"product_tag-zartrosa","10":"pa_groesse-l","11":"pa_groesse-m","12":"pa_groesse-s","13":"pa_groesse-xl","14":"pa_groesse-xs","15":"pa_groesse-xxl","17":"first","18":"instock","19":"taxable","20":"shipping-taxable","21":"purchasable","22":"product-type-variable"},"_links":{"self":[{"href":"https:\/\/www.bunterwaesche.com\/shop_ch\/wp-json\/wp\/v2\/product\/22477","targetHints":{"allow":["GET"]}}],"collection":[{"href":"https:\/\/www.bunterwaesche.com\/shop_ch\/wp-json\/wp\/v2\/product"}],"about":[{"href":"https:\/\/www.bunterwaesche.com\/shop_ch\/wp-json\/wp\/v2\/types\/product"}],"wp:featuredmedia":[{"embeddable":true,"href":"https:\/\/www.bunterwaesche.com\/shop_ch\/wp-json\/wp\/v2\/media\/22509"}],"wp:attachment":[{"href":"https:\/\/www.bunterwaesche.com\/shop_ch\/wp-json\/wp\/v2\/media?parent=22477"}],"wp:term":[{"taxonomy":"product_brand","embeddable":true,"href":"https:\/\/www.bunterwaesche.com\/shop_ch\/wp-json\/wp\/v2\/product_brand?post=22477"},{"taxonomy":"product_cat","embeddable":true,"href":"https:\/\/www.bunterwaesche.com\/shop_ch\/wp-json\/wp\/v2\/product_cat?post=22477"},{"taxonomy":"product_tag","embeddable":true,"href":"https:\/\/www.bunterwaesche.com\/shop_ch\/wp-json\/wp\/v2\/product_tag?post=22477"}],"curies":[{"name":"wp","href":"https:\/\/api.w.org\/{rel}","templated":true}]}}