{"id":22484,"date":"2025-08-01T22:52:14","date_gmt":"2025-08-01T20:52:14","guid":{"rendered":"https:\/\/www.bunterwaesche.com\/shop_ch\/?post_type=product&#038;p=22484"},"modified":"2025-08-03T13:05:55","modified_gmt":"2025-08-03T11:05:55","slug":"bustier-mit-pads-duenne-traeger-zartrosa","status":"publish","type":"product","link":"https:\/\/www.bunterwaesche.com\/shop_ch\/produkt\/bustier-mit-pads-duenne-traeger-zartrosa\/","title":{"rendered":"Bustier mit Pads d\u00fcnne Tr\u00e4ger zartrosa"},"content":{"rendered":"<p>Bustier f\u00fcr Damen in der Farbstellung Zartrosa<br \/>\naus der SCHIESSER Serie &#8222;Invisible Soft&#8220;<br \/>\nmit herausnehmbaren Pads f\u00fcr perfekten Halt<br \/>\nverstellbare, schmale Tr\u00e4ger und V-Ausschnitt<br \/>\nLasercut-Abschl\u00fcsse f\u00fcr besten Tragekomfort<br \/>\nin softer, elastischer Mikrofaser-Qualit\u00e4t<\/p>\n","protected":false},"excerpt":{"rendered":"<p>Bustier f\u00fcr Damen in der Farbstellung Zartrosa aus der SCHIESSER Serie &#8222;Invisible Soft&#8220; mit herausnehmbaren Pads f\u00fcr perfekten Halt verstellbare, schmale Tr\u00e4ger und V-Ausschnitt Lasercut-Abschl\u00fcsse f\u00fcr besten Tragekomfort in softer, elastischer Mikrofaser-Qualit\u00e4t<\/p>\n","protected":false},"featured_media":22544,"template":"","meta":[],"product_brand":[],"product_cat":[433],"product_tag":[432,434,496],"class_list":{"0":"post-22484","1":"product","2":"type-product","3":"status-publish","4":"has-post-thumbnail","6":"product_cat-schiesser","7":"product_tag-bustier","8":"product_tag-schiesser","9":"product_tag-zartrosa","10":"pa_groesse-l","11":"pa_groesse-m","12":"pa_groesse-s","13":"pa_groesse-xl","14":"pa_groesse-xs","15":"pa_groesse-xxl","17":"first","18":"instock","19":"taxable","20":"shipping-taxable","21":"purchasable","22":"product-type-variable"},"_links":{"self":[{"href":"https:\/\/www.bunterwaesche.com\/shop_ch\/wp-json\/wp\/v2\/product\/22484","targetHints":{"allow":["GET"]}}],"collection":[{"href":"https:\/\/www.bunterwaesche.com\/shop_ch\/wp-json\/wp\/v2\/product"}],"about":[{"href":"https:\/\/www.bunterwaesche.com\/shop_ch\/wp-json\/wp\/v2\/types\/product"}],"wp:featuredmedia":[{"embeddable":true,"href":"https:\/\/www.bunterwaesche.com\/shop_ch\/wp-json\/wp\/v2\/media\/22544"}],"wp:attachment":[{"href":"https:\/\/www.bunterwaesche.com\/shop_ch\/wp-json\/wp\/v2\/media?parent=22484"}],"wp:term":[{"taxonomy":"product_brand","embeddable":true,"href":"https:\/\/www.bunterwaesche.com\/shop_ch\/wp-json\/wp\/v2\/product_brand?post=22484"},{"taxonomy":"product_cat","embeddable":true,"href":"https:\/\/www.bunterwaesche.com\/shop_ch\/wp-json\/wp\/v2\/product_cat?post=22484"},{"taxonomy":"product_tag","embeddable":true,"href":"https:\/\/www.bunterwaesche.com\/shop_ch\/wp-json\/wp\/v2\/product_tag?post=22484"}],"curies":[{"name":"wp","href":"https:\/\/api.w.org\/{rel}","templated":true}]}}