{"id":22491,"date":"2025-08-01T22:52:17","date_gmt":"2025-08-01T20:52:17","guid":{"rendered":"https:\/\/www.bunterwaesche.com\/shop_ch\/?post_type=product&#038;p=22491"},"modified":"2025-08-03T13:12:46","modified_gmt":"2025-08-03T11:12:46","slug":"maxi-slip-zartrosa","status":"publish","type":"product","link":"https:\/\/www.bunterwaesche.com\/shop_ch\/produkt\/maxi-slip-zartrosa\/","title":{"rendered":"Maxi Slip zartrosa"},"content":{"rendered":"<p>Maxislip f\u00fcr Damen in der Farbe Zartrosa<br \/>\naus der SCHIESSER Serie &#8222;Invisible Soft&#8220;<br \/>\nangesagte Form mit hohem Bund<br \/>\nunsichtbar selbst unter eng anliegender Kleidung<br \/>\nLasercut-Abschl\u00fcsse und gebondete Seitenn\u00e4hte f\u00fcr besten Tragekomfort<br \/>\nin extra-softer, elastischer Microfaser-Qualit\u00e4t mit Peach-Finish<\/p>\n","protected":false},"excerpt":{"rendered":"<p>Maxislip f\u00fcr Damen in der Farbe Zartrosa aus der SCHIESSER Serie &#8222;Invisible Soft&#8220; angesagte Form mit hohem Bund unsichtbar selbst unter eng anliegender Kleidung Lasercut-Abschl\u00fcsse und gebondete Seitenn\u00e4hte f\u00fcr besten Tragekomfort in extra-softer, elastischer Microfaser-Qualit\u00e4t mit Peach-Finish<\/p>\n","protected":false},"featured_media":22518,"template":"","meta":[],"product_brand":[],"product_cat":[433],"product_tag":[434,496],"class_list":{"0":"post-22491","1":"product","2":"type-product","3":"status-publish","4":"has-post-thumbnail","6":"product_cat-schiesser","7":"product_tag-schiesser","8":"product_tag-zartrosa","9":"pa_groesse-l","10":"pa_groesse-m","11":"pa_groesse-s","12":"pa_groesse-xl","13":"pa_groesse-xs","14":"pa_groesse-xxl","16":"first","17":"instock","18":"taxable","19":"shipping-taxable","20":"purchasable","21":"product-type-variable"},"_links":{"self":[{"href":"https:\/\/www.bunterwaesche.com\/shop_ch\/wp-json\/wp\/v2\/product\/22491","targetHints":{"allow":["GET"]}}],"collection":[{"href":"https:\/\/www.bunterwaesche.com\/shop_ch\/wp-json\/wp\/v2\/product"}],"about":[{"href":"https:\/\/www.bunterwaesche.com\/shop_ch\/wp-json\/wp\/v2\/types\/product"}],"wp:featuredmedia":[{"embeddable":true,"href":"https:\/\/www.bunterwaesche.com\/shop_ch\/wp-json\/wp\/v2\/media\/22518"}],"wp:attachment":[{"href":"https:\/\/www.bunterwaesche.com\/shop_ch\/wp-json\/wp\/v2\/media?parent=22491"}],"wp:term":[{"taxonomy":"product_brand","embeddable":true,"href":"https:\/\/www.bunterwaesche.com\/shop_ch\/wp-json\/wp\/v2\/product_brand?post=22491"},{"taxonomy":"product_cat","embeddable":true,"href":"https:\/\/www.bunterwaesche.com\/shop_ch\/wp-json\/wp\/v2\/product_cat?post=22491"},{"taxonomy":"product_tag","embeddable":true,"href":"https:\/\/www.bunterwaesche.com\/shop_ch\/wp-json\/wp\/v2\/product_tag?post=22491"}],"curies":[{"name":"wp","href":"https:\/\/api.w.org\/{rel}","templated":true}]}}