{"id":22498,"date":"2025-08-01T22:52:21","date_gmt":"2025-08-01T20:52:21","guid":{"rendered":"https:\/\/www.bunterwaesche.com\/shop_ch\/?post_type=product&#038;p=22498"},"modified":"2025-08-03T13:11:07","modified_gmt":"2025-08-03T11:11:07","slug":"top-mit-pads-zartrosa","status":"publish","type":"product","link":"https:\/\/www.bunterwaesche.com\/shop_ch\/produkt\/top-mit-pads-zartrosa\/","title":{"rendered":"Top mit Pads zartrosa"},"content":{"rendered":"<p>Damentop in Zartrosa<br \/>\naus der SCHIESSER Serie &#8222;Invisible Soft&#8220;<br \/>\nmit herausnehmbaren Pads und V-Ausschnitt<br \/>\nLasercut-Abschl\u00fcsse und gebondete Seitenn\u00e4hte f\u00fcr besten Tragekomfort<br \/>\nunsichtbar selbst unter eng anliegender Kleidung<br \/>\nin extra-softer, elastischer Mikrofaser-Qualit\u00e4t mit Peach-Finish<\/p>\n","protected":false},"excerpt":{"rendered":"<p>Damentop in Zartrosa aus der SCHIESSER Serie &#8222;Invisible Soft&#8220; mit herausnehmbaren Pads und V-Ausschnitt Lasercut-Abschl\u00fcsse und gebondete Seitenn\u00e4hte f\u00fcr besten Tragekomfort unsichtbar selbst unter eng anliegender Kleidung in extra-softer, elastischer Mikrofaser-Qualit\u00e4t mit Peach-Finish<\/p>\n","protected":false},"featured_media":22514,"template":"","meta":[],"product_brand":[],"product_cat":[433],"product_tag":[434,496],"class_list":{"0":"post-22498","1":"product","2":"type-product","3":"status-publish","4":"has-post-thumbnail","6":"product_cat-schiesser","7":"product_tag-schiesser","8":"product_tag-zartrosa","9":"pa_groesse-l","10":"pa_groesse-m","11":"pa_groesse-s","12":"pa_groesse-xl","13":"pa_groesse-xs","14":"pa_groesse-xxl","16":"first","17":"instock","18":"taxable","19":"shipping-taxable","20":"purchasable","21":"product-type-variable"},"_links":{"self":[{"href":"https:\/\/www.bunterwaesche.com\/shop_ch\/wp-json\/wp\/v2\/product\/22498","targetHints":{"allow":["GET"]}}],"collection":[{"href":"https:\/\/www.bunterwaesche.com\/shop_ch\/wp-json\/wp\/v2\/product"}],"about":[{"href":"https:\/\/www.bunterwaesche.com\/shop_ch\/wp-json\/wp\/v2\/types\/product"}],"wp:featuredmedia":[{"embeddable":true,"href":"https:\/\/www.bunterwaesche.com\/shop_ch\/wp-json\/wp\/v2\/media\/22514"}],"wp:attachment":[{"href":"https:\/\/www.bunterwaesche.com\/shop_ch\/wp-json\/wp\/v2\/media?parent=22498"}],"wp:term":[{"taxonomy":"product_brand","embeddable":true,"href":"https:\/\/www.bunterwaesche.com\/shop_ch\/wp-json\/wp\/v2\/product_brand?post=22498"},{"taxonomy":"product_cat","embeddable":true,"href":"https:\/\/www.bunterwaesche.com\/shop_ch\/wp-json\/wp\/v2\/product_cat?post=22498"},{"taxonomy":"product_tag","embeddable":true,"href":"https:\/\/www.bunterwaesche.com\/shop_ch\/wp-json\/wp\/v2\/product_tag?post=22498"}],"curies":[{"name":"wp","href":"https:\/\/api.w.org\/{rel}","templated":true}]}}