{"id":23324,"date":"2025-08-04T16:46:56","date_gmt":"2025-08-04T14:46:56","guid":{"rendered":"https:\/\/www.bunterwaesche.com\/shop_ch\/?post_type=product&#038;p=23324"},"modified":"2025-10-16T11:12:48","modified_gmt":"2025-10-16T09:12:48","slug":"nsn-peachie-hotpant-mirtillo","status":"publish","type":"product","link":"https:\/\/www.bunterwaesche.com\/shop_ch\/produkt\/nsn-peachie-hotpant-mirtillo\/","title":{"rendered":"NSN Peachie Hotpant mirtillo"},"content":{"rendered":"<p>Highwaist Panty, speziell f\u00fcr ein volleres Ges\u00e4\u00df\/vollere H\u00fcften mit einer schmalen Taille.<\/p>\n<p>Der Bund ist aus weicher, elastischen Spitze<\/p>\n<p>95% Baumwolle<br \/>\n5% Elastan<\/p>\n<p>Made in Italy<\/p>\n","protected":false},"excerpt":{"rendered":"<p>Highwaist Panty, speziell f\u00fcr ein volleres Ges\u00e4\u00df\/vollere H\u00fcften mit einer schmalen Taille. Der Bund ist aus weicher, elastischen Spitze 95% Baumwolle 5% Elastan Made in Italy<\/p>\n","protected":false},"featured_media":24047,"template":"","meta":[],"product_brand":[],"product_cat":[209],"product_tag":[210,480,115],"class_list":{"0":"post-23324","1":"product","2":"type-product","3":"status-publish","4":"has-post-thumbnail","6":"product_cat-slips","7":"product_tag-cosabella","8":"product_tag-mirtillo","9":"product_tag-petrol","10":"pa_groesse-l","11":"pa_groesse-m","12":"pa_groesse-s","13":"pa_groesse-xl","14":"pa_groesse-xs","15":"pa_groesse-xxl","17":"first","18":"instock","19":"taxable","20":"shipping-taxable","21":"purchasable","22":"product-type-variable"},"_links":{"self":[{"href":"https:\/\/www.bunterwaesche.com\/shop_ch\/wp-json\/wp\/v2\/product\/23324","targetHints":{"allow":["GET"]}}],"collection":[{"href":"https:\/\/www.bunterwaesche.com\/shop_ch\/wp-json\/wp\/v2\/product"}],"about":[{"href":"https:\/\/www.bunterwaesche.com\/shop_ch\/wp-json\/wp\/v2\/types\/product"}],"wp:featuredmedia":[{"embeddable":true,"href":"https:\/\/www.bunterwaesche.com\/shop_ch\/wp-json\/wp\/v2\/media\/24047"}],"wp:attachment":[{"href":"https:\/\/www.bunterwaesche.com\/shop_ch\/wp-json\/wp\/v2\/media?parent=23324"}],"wp:term":[{"taxonomy":"product_brand","embeddable":true,"href":"https:\/\/www.bunterwaesche.com\/shop_ch\/wp-json\/wp\/v2\/product_brand?post=23324"},{"taxonomy":"product_cat","embeddable":true,"href":"https:\/\/www.bunterwaesche.com\/shop_ch\/wp-json\/wp\/v2\/product_cat?post=23324"},{"taxonomy":"product_tag","embeddable":true,"href":"https:\/\/www.bunterwaesche.com\/shop_ch\/wp-json\/wp\/v2\/product_tag?post=23324"}],"curies":[{"name":"wp","href":"https:\/\/api.w.org\/{rel}","templated":true}]}}