{"id":23338,"date":"2025-08-04T16:47:06","date_gmt":"2025-08-04T14:47:06","guid":{"rendered":"https:\/\/www.bunterwaesche.com\/shop_ch\/?post_type=product&#038;p=23338"},"modified":"2025-10-15T16:42:25","modified_gmt":"2025-10-15T14:42:25","slug":"nsn-plungie-longline-caramellino","status":"publish","type":"product","link":"https:\/\/www.bunterwaesche.com\/shop_ch\/produkt\/nsn-plungie-longline-caramellino\/","title":{"rendered":"NSN Plungie Longline Caramellino"},"content":{"rendered":"<p>B\u00fcgelloser BH im Longline-Stil.<br \/>\nLongline-Unterbrustband f\u00fcr zus\u00e4tzlichen Halt. Verbesserte Passform \u2013 passt jetzt noch besser.<br \/>\nTiefer V-Ausschnitt vorne, ungepolsterte Cups.<br \/>\nZum einfachen \u00dcberziehen ohne Verschluss, mit verstellbaren Tr\u00e4gern.<\/p>\n<p>Weiche, elastische Spitze, die flach am K\u00f6rper anliegt. Mit Powermesh gef\u00fcttert.<br \/>\n91% Polyamid, 9% Elastan<\/p>\n<p>Made in Italy<\/p>\n<p>Tipp: Wenn sie sich nicht sicher sind wegen der Gr\u00f6sse, melden sie sich per Telefon oder whats app, wir helfen ihnen gerne weiter.<\/p>\n","protected":false},"excerpt":{"rendered":"<p>B\u00fcgelloser BH im Longline-Stil. Longline-Unterbrustband f\u00fcr zus\u00e4tzlichen Halt. Verbesserte Passform \u2013 passt jetzt noch besser. Tiefer V-Ausschnitt vorne, ungepolsterte Cups. Zum einfachen \u00dcberziehen ohne Verschluss, mit verstellbaren Tr\u00e4gern. Weiche, elastische Spitze, die flach am K\u00f6rper anliegt. Mit Powermesh gef\u00fcttert. 91% Polyamid, 9% Elastan Made in Italy Tipp: Wenn sie sich nicht sicher sind wegen der [&hellip;]<\/p>\n","protected":false},"featured_media":23869,"template":"","meta":[],"product_brand":[],"product_cat":[137],"product_tag":[512,109],"class_list":{"0":"post-23338","1":"product","2":"type-product","3":"status-publish","4":"has-post-thumbnail","6":"product_cat-cosabella-soft-girlie","7":"product_tag-caramel","8":"product_tag-gold","9":"pa_groesse-l","10":"pa_groesse-m","11":"pa_groesse-s","12":"pa_groesse-xl","13":"pa_groesse-xs","14":"pa_groesse-xxl","16":"first","17":"instock","18":"taxable","19":"shipping-taxable","20":"purchasable","21":"product-type-variable"},"_links":{"self":[{"href":"https:\/\/www.bunterwaesche.com\/shop_ch\/wp-json\/wp\/v2\/product\/23338","targetHints":{"allow":["GET"]}}],"collection":[{"href":"https:\/\/www.bunterwaesche.com\/shop_ch\/wp-json\/wp\/v2\/product"}],"about":[{"href":"https:\/\/www.bunterwaesche.com\/shop_ch\/wp-json\/wp\/v2\/types\/product"}],"wp:featuredmedia":[{"embeddable":true,"href":"https:\/\/www.bunterwaesche.com\/shop_ch\/wp-json\/wp\/v2\/media\/23869"}],"wp:attachment":[{"href":"https:\/\/www.bunterwaesche.com\/shop_ch\/wp-json\/wp\/v2\/media?parent=23338"}],"wp:term":[{"taxonomy":"product_brand","embeddable":true,"href":"https:\/\/www.bunterwaesche.com\/shop_ch\/wp-json\/wp\/v2\/product_brand?post=23338"},{"taxonomy":"product_cat","embeddable":true,"href":"https:\/\/www.bunterwaesche.com\/shop_ch\/wp-json\/wp\/v2\/product_cat?post=23338"},{"taxonomy":"product_tag","embeddable":true,"href":"https:\/\/www.bunterwaesche.com\/shop_ch\/wp-json\/wp\/v2\/product_tag?post=23338"}],"curies":[{"name":"wp","href":"https:\/\/api.w.org\/{rel}","templated":true}]}}