{"id":23373,"date":"2025-08-04T16:47:25","date_gmt":"2025-08-04T14:47:25","guid":{"rendered":"https:\/\/www.bunterwaesche.com\/shop_ch\/?post_type=product&#038;p=23373"},"modified":"2025-10-01T17:11:32","modified_gmt":"2025-10-01T15:11:32","slug":"nsn-plungie-sindoor-red","status":"publish","type":"product","link":"https:\/\/www.bunterwaesche.com\/shop_ch\/produkt\/nsn-plungie-sindoor-red\/","title":{"rendered":"NSN Plungie Sindoor Red"},"content":{"rendered":"<p>B\u00fcgelloser BH im Longline-Stil.<br \/>\nLongline-Unterbrustband f\u00fcr zus\u00e4tzlichen Halt. Verbesserte Passform &#8211; passt jetzt noch besser.<br \/>\nTiefer V-Ausschnitt vorne, ungepolsterte Cups.<br \/>\nBralette zum einfachen \u00dcberziehen, mit verstellbaren Tr\u00e4gern.<br \/>\nWeiche, elastische und halbtransparente, gewellte Spitze, die flach am K\u00f6rper anliegt. Mit Powermesh gef\u00fcttert.<\/p>\n","protected":false},"excerpt":{"rendered":"<p>B\u00fcgelloser BH im Longline-Stil. Longline-Unterbrustband f\u00fcr zus\u00e4tzlichen Halt. Verbesserte Passform &#8211; passt jetzt noch besser. Tiefer V-Ausschnitt vorne, ungepolsterte Cups. Bralette zum einfachen \u00dcberziehen, mit verstellbaren Tr\u00e4gern. Weiche, elastische und halbtransparente, gewellte Spitze, die flach am K\u00f6rper anliegt. Mit Powermesh gef\u00fcttert.<\/p>\n","protected":false},"featured_media":23834,"template":"","meta":[],"product_brand":[],"product_cat":[137],"product_tag":[88,191,481],"class_list":{"0":"post-23373","1":"product","2":"type-product","3":"status-publish","4":"has-post-thumbnail","6":"product_cat-cosabella-soft-girlie","7":"product_tag-red","8":"product_tag-rot","9":"product_tag-sindoor","10":"pa_groesse-l","11":"pa_groesse-m","12":"pa_groesse-s","13":"pa_groesse-xl","14":"pa_groesse-xs","15":"pa_groesse-xxl","17":"first","18":"instock","19":"taxable","20":"shipping-taxable","21":"purchasable","22":"product-type-variable"},"_links":{"self":[{"href":"https:\/\/www.bunterwaesche.com\/shop_ch\/wp-json\/wp\/v2\/product\/23373","targetHints":{"allow":["GET"]}}],"collection":[{"href":"https:\/\/www.bunterwaesche.com\/shop_ch\/wp-json\/wp\/v2\/product"}],"about":[{"href":"https:\/\/www.bunterwaesche.com\/shop_ch\/wp-json\/wp\/v2\/types\/product"}],"wp:featuredmedia":[{"embeddable":true,"href":"https:\/\/www.bunterwaesche.com\/shop_ch\/wp-json\/wp\/v2\/media\/23834"}],"wp:attachment":[{"href":"https:\/\/www.bunterwaesche.com\/shop_ch\/wp-json\/wp\/v2\/media?parent=23373"}],"wp:term":[{"taxonomy":"product_brand","embeddable":true,"href":"https:\/\/www.bunterwaesche.com\/shop_ch\/wp-json\/wp\/v2\/product_brand?post=23373"},{"taxonomy":"product_cat","embeddable":true,"href":"https:\/\/www.bunterwaesche.com\/shop_ch\/wp-json\/wp\/v2\/product_cat?post=23373"},{"taxonomy":"product_tag","embeddable":true,"href":"https:\/\/www.bunterwaesche.com\/shop_ch\/wp-json\/wp\/v2\/product_tag?post=23373"}],"curies":[{"name":"wp","href":"https:\/\/api.w.org\/{rel}","templated":true}]}}