{"id":23394,"date":"2025-08-04T16:47:38","date_gmt":"2025-08-04T14:47:38","guid":{"rendered":"https:\/\/www.bunterwaesche.com\/shop_ch\/?post_type=product&#038;p=23394"},"modified":"2025-10-01T17:05:58","modified_gmt":"2025-10-01T15:05:58","slug":"nsn-racer-back-fontana","status":"publish","type":"product","link":"https:\/\/www.bunterwaesche.com\/shop_ch\/produkt\/nsn-racer-back-fontana\/","title":{"rendered":"NSN Racer Back Fontana"},"content":{"rendered":"<p>B\u00fcgelloser Racerback-Bralette.<br \/>\nSt\u00fctzendes Unterbrustband.<br \/>\nMit Powermesh-F\u00fctterung.<br \/>\nWeiche, nicht-transparente, rundgezackte Stretch-Spitze, die sich flach dem K\u00f6rper anschmiegt.<br \/>\nZum einfachen \u00dcberziehen ohne Verschluss.<\/p>\n","protected":false},"excerpt":{"rendered":"<p>B\u00fcgelloser Racerback-Bralette. St\u00fctzendes Unterbrustband. Mit Powermesh-F\u00fctterung. Weiche, nicht-transparente, rundgezackte Stretch-Spitze, die sich flach dem K\u00f6rper anschmiegt. Zum einfachen \u00dcberziehen ohne Verschluss.<\/p>\n","protected":false},"featured_media":23829,"template":"","meta":[],"product_brand":[],"product_cat":[137],"product_tag":[92,510,172],"class_list":{"0":"post-23394","1":"product","2":"type-product","3":"status-publish","4":"has-post-thumbnail","6":"product_cat-cosabella-soft-girlie","7":"product_tag-blue","8":"product_tag-fontana","9":"product_tag-lightblue","10":"pa_groesse-l","11":"pa_groesse-m","12":"pa_groesse-s","13":"pa_groesse-xl","14":"pa_groesse-xs","15":"pa_groesse-xxl","17":"first","18":"instock","19":"taxable","20":"shipping-taxable","21":"purchasable","22":"product-type-variable"},"_links":{"self":[{"href":"https:\/\/www.bunterwaesche.com\/shop_ch\/wp-json\/wp\/v2\/product\/23394","targetHints":{"allow":["GET"]}}],"collection":[{"href":"https:\/\/www.bunterwaesche.com\/shop_ch\/wp-json\/wp\/v2\/product"}],"about":[{"href":"https:\/\/www.bunterwaesche.com\/shop_ch\/wp-json\/wp\/v2\/types\/product"}],"wp:featuredmedia":[{"embeddable":true,"href":"https:\/\/www.bunterwaesche.com\/shop_ch\/wp-json\/wp\/v2\/media\/23829"}],"wp:attachment":[{"href":"https:\/\/www.bunterwaesche.com\/shop_ch\/wp-json\/wp\/v2\/media?parent=23394"}],"wp:term":[{"taxonomy":"product_brand","embeddable":true,"href":"https:\/\/www.bunterwaesche.com\/shop_ch\/wp-json\/wp\/v2\/product_brand?post=23394"},{"taxonomy":"product_cat","embeddable":true,"href":"https:\/\/www.bunterwaesche.com\/shop_ch\/wp-json\/wp\/v2\/product_cat?post=23394"},{"taxonomy":"product_tag","embeddable":true,"href":"https:\/\/www.bunterwaesche.com\/shop_ch\/wp-json\/wp\/v2\/product_tag?post=23394"}],"curies":[{"name":"wp","href":"https:\/\/api.w.org\/{rel}","templated":true}]}}