{"id":23749,"date":"2025-10-01T15:35:21","date_gmt":"2025-10-01T13:35:21","guid":{"rendered":"https:\/\/www.bunterwaesche.com\/shop_ch\/?post_type=product&#038;p=23749"},"modified":"2025-10-03T15:01:23","modified_gmt":"2025-10-03T13:01:23","slug":"bustier_spitze-mit-pads-duenne-traeger-burgund","status":"publish","type":"product","link":"https:\/\/www.bunterwaesche.com\/shop_ch\/produkt\/bustier_spitze-mit-pads-duenne-traeger-burgund\/","title":{"rendered":"Bustier_Spitze mit Pads d\u00fcnne Tr\u00e4ger burgund"},"content":{"rendered":"<p>burgund-farbenes Bustier f\u00fcr Damen<br \/>\naus der SCHIESSER Serie &#8222;Invisible Soft Lace&#8220;<br \/>\nmit zartem Spitzeneinsatz am oberen Abschluss und R\u00fcckteil<br \/>\nbeflockte S\u00e4ume und Tr\u00e4ger verhindern Verrutschen und sorgen f\u00fcr eine perfekte Passform<br \/>\nLasercut-Abschl\u00fcsse und herausnehmbaren Pads bieten h\u00f6chsten Tragekomfort<br \/>\nin supersofter, elastischer Single Jersey-Qualit\u00e4t mit Seamless-Effekt<\/p>\n","protected":false},"excerpt":{"rendered":"<p>burgund-farbenes Bustier f\u00fcr Damen aus der SCHIESSER Serie &#8222;Invisible Soft Lace&#8220; mit zartem Spitzeneinsatz am oberen Abschluss und R\u00fcckteil beflockte S\u00e4ume und Tr\u00e4ger verhindern Verrutschen und sorgen f\u00fcr eine perfekte Passform Lasercut-Abschl\u00fcsse und herausnehmbaren Pads bieten h\u00f6chsten Tragekomfort in supersofter, elastischer Single Jersey-Qualit\u00e4t mit Seamless-Effekt<\/p>\n","protected":false},"featured_media":23786,"template":"","meta":[],"product_brand":[],"product_cat":[433],"product_tag":[506,507,191],"class_list":{"0":"post-23749","1":"product","2":"type-product","3":"status-publish","4":"has-post-thumbnail","6":"product_cat-schiesser","7":"product_tag-burgund","8":"product_tag-rostrot","9":"product_tag-rot","10":"pa_groesse-l","11":"pa_groesse-m","12":"pa_groesse-s","13":"pa_groesse-xl","14":"pa_groesse-xs","15":"pa_groesse-xxl","17":"first","18":"instock","19":"taxable","20":"shipping-taxable","21":"purchasable","22":"product-type-variable"},"_links":{"self":[{"href":"https:\/\/www.bunterwaesche.com\/shop_ch\/wp-json\/wp\/v2\/product\/23749","targetHints":{"allow":["GET"]}}],"collection":[{"href":"https:\/\/www.bunterwaesche.com\/shop_ch\/wp-json\/wp\/v2\/product"}],"about":[{"href":"https:\/\/www.bunterwaesche.com\/shop_ch\/wp-json\/wp\/v2\/types\/product"}],"wp:featuredmedia":[{"embeddable":true,"href":"https:\/\/www.bunterwaesche.com\/shop_ch\/wp-json\/wp\/v2\/media\/23786"}],"wp:attachment":[{"href":"https:\/\/www.bunterwaesche.com\/shop_ch\/wp-json\/wp\/v2\/media?parent=23749"}],"wp:term":[{"taxonomy":"product_brand","embeddable":true,"href":"https:\/\/www.bunterwaesche.com\/shop_ch\/wp-json\/wp\/v2\/product_brand?post=23749"},{"taxonomy":"product_cat","embeddable":true,"href":"https:\/\/www.bunterwaesche.com\/shop_ch\/wp-json\/wp\/v2\/product_cat?post=23749"},{"taxonomy":"product_tag","embeddable":true,"href":"https:\/\/www.bunterwaesche.com\/shop_ch\/wp-json\/wp\/v2\/product_tag?post=23749"}],"curies":[{"name":"wp","href":"https:\/\/api.w.org\/{rel}","templated":true}]}}