{"id":23850,"date":"2025-10-03T13:47:19","date_gmt":"2025-10-03T11:47:19","guid":{"rendered":"https:\/\/www.bunterwaesche.com\/shop_ch\/?post_type=product&#038;p=23850"},"modified":"2026-01-29T13:57:24","modified_gmt":"2026-01-29T12:57:24","slug":"tai-slip-indigo","status":"publish","type":"product","link":"https:\/\/www.bunterwaesche.com\/shop_ch\/produkt\/tai-slip-indigo\/","title":{"rendered":"Tai Slip Indigo"},"content":{"rendered":"<p>Indigo farbiger Tai Slip Slip f\u00fcr Damen<br \/>\naus der SCHIESSER Serie \u201eInvisible Soft Lace\u201c<br \/>\nmit zartem Spitzeneinsatz auf der R\u00fcckseite<br \/>\nbeflockte S\u00e4ume verhindern Verrutschen und sorgen f\u00fcr eine perfekte Passform<br \/>\nLasercut-Abschl\u00fcsse bieten h\u00f6chsten Tragekomfort<br \/>\nin super softer, elastischer Single-Jersey-Qualit\u00e4t mit Seamless-Effekt<\/p>\n","protected":false},"excerpt":{"rendered":"<p>Indigo farbiger Tai Slip Slip f\u00fcr Damen aus der SCHIESSER Serie \u201eInvisible Soft Lace\u201c mit zartem Spitzeneinsatz auf der R\u00fcckseite beflockte S\u00e4ume verhindern Verrutschen und sorgen f\u00fcr eine perfekte Passform Lasercut-Abschl\u00fcsse bieten h\u00f6chsten Tragekomfort in super softer, elastischer Single-Jersey-Qualit\u00e4t mit Seamless-Effekt<\/p>\n","protected":false},"featured_media":23812,"template":"","meta":[],"product_brand":[],"product_cat":[433],"product_tag":[511],"class_list":{"0":"post-23850","1":"product","2":"type-product","3":"status-publish","4":"has-post-thumbnail","6":"product_cat-schiesser","7":"product_tag-indigo","8":"pa_groesse-l","9":"pa_groesse-m","10":"pa_groesse-s","11":"pa_groesse-xl","12":"pa_groesse-xs","13":"pa_groesse-xxl","15":"first","16":"instock","17":"taxable","18":"shipping-taxable","19":"purchasable","20":"product-type-variable"},"_links":{"self":[{"href":"https:\/\/www.bunterwaesche.com\/shop_ch\/wp-json\/wp\/v2\/product\/23850","targetHints":{"allow":["GET"]}}],"collection":[{"href":"https:\/\/www.bunterwaesche.com\/shop_ch\/wp-json\/wp\/v2\/product"}],"about":[{"href":"https:\/\/www.bunterwaesche.com\/shop_ch\/wp-json\/wp\/v2\/types\/product"}],"wp:featuredmedia":[{"embeddable":true,"href":"https:\/\/www.bunterwaesche.com\/shop_ch\/wp-json\/wp\/v2\/media\/23812"}],"wp:attachment":[{"href":"https:\/\/www.bunterwaesche.com\/shop_ch\/wp-json\/wp\/v2\/media?parent=23850"}],"wp:term":[{"taxonomy":"product_brand","embeddable":true,"href":"https:\/\/www.bunterwaesche.com\/shop_ch\/wp-json\/wp\/v2\/product_brand?post=23850"},{"taxonomy":"product_cat","embeddable":true,"href":"https:\/\/www.bunterwaesche.com\/shop_ch\/wp-json\/wp\/v2\/product_cat?post=23850"},{"taxonomy":"product_tag","embeddable":true,"href":"https:\/\/www.bunterwaesche.com\/shop_ch\/wp-json\/wp\/v2\/product_tag?post=23850"}],"curies":[{"name":"wp","href":"https:\/\/api.w.org\/{rel}","templated":true}]}}