{"id":23894,"date":"2025-10-03T15:13:57","date_gmt":"2025-10-03T13:13:57","guid":{"rendered":"https:\/\/www.bunterwaesche.com\/shop_ch\/?post_type=product&#038;p=23894"},"modified":"2025-10-16T09:44:55","modified_gmt":"2025-10-16T07:44:55","slug":"nsn-plungie-longline-dove-grey","status":"publish","type":"product","link":"https:\/\/www.bunterwaesche.com\/shop_ch\/produkt\/nsn-plungie-longline-dove-grey\/","title":{"rendered":"NSN Plungie Longline Dove Grey"},"content":{"rendered":"<p>B\u00fcgelloser BH im Longline-Stil.<br \/>\nLongline-Unterbrustband f\u00fcr zus\u00e4tzlichen Halt. Verbesserte Passform \u2013 passt jetzt noch besser.<br \/>\nTiefer V-Ausschnitt vorne, ungepolsterte Cups.<br \/>\nBralette zum einfachen \u00dcberziehen, mit verstellbaren Tr\u00e4gern.<br \/>\nWeiche, elastische und halbtransparente, gewellte Spitze, die flach am K\u00f6rper anliegt. Mit Powermesh gef\u00fcttert.<\/p>\n","protected":false},"excerpt":{"rendered":"<p>B\u00fcgelloser BH im Longline-Stil. Longline-Unterbrustband f\u00fcr zus\u00e4tzlichen Halt. Verbesserte Passform \u2013 passt jetzt noch besser. Tiefer V-Ausschnitt vorne, ungepolsterte Cups. Bralette zum einfachen \u00dcberziehen, mit verstellbaren Tr\u00e4gern. Weiche, elastische und halbtransparente, gewellte Spitze, die flach am K\u00f6rper anliegt. Mit Powermesh gef\u00fcttert.<\/p>\n","protected":false},"featured_media":24028,"template":"","meta":[],"product_brand":[],"product_cat":[137],"product_tag":[210,517,167,245],"class_list":{"0":"post-23894","1":"product","2":"type-product","3":"status-publish","4":"has-post-thumbnail","6":"product_cat-cosabella-soft-girlie","7":"product_tag-cosabella","8":"product_tag-dove","9":"product_tag-grau","10":"product_tag-grey","11":"pa_groesse-l","12":"pa_groesse-m","13":"pa_groesse-s","14":"pa_groesse-xl","15":"pa_groesse-xs","16":"pa_groesse-xxl","18":"first","19":"instock","20":"taxable","21":"shipping-taxable","22":"purchasable","23":"product-type-variable"},"_links":{"self":[{"href":"https:\/\/www.bunterwaesche.com\/shop_ch\/wp-json\/wp\/v2\/product\/23894","targetHints":{"allow":["GET"]}}],"collection":[{"href":"https:\/\/www.bunterwaesche.com\/shop_ch\/wp-json\/wp\/v2\/product"}],"about":[{"href":"https:\/\/www.bunterwaesche.com\/shop_ch\/wp-json\/wp\/v2\/types\/product"}],"wp:featuredmedia":[{"embeddable":true,"href":"https:\/\/www.bunterwaesche.com\/shop_ch\/wp-json\/wp\/v2\/media\/24028"}],"wp:attachment":[{"href":"https:\/\/www.bunterwaesche.com\/shop_ch\/wp-json\/wp\/v2\/media?parent=23894"}],"wp:term":[{"taxonomy":"product_brand","embeddable":true,"href":"https:\/\/www.bunterwaesche.com\/shop_ch\/wp-json\/wp\/v2\/product_brand?post=23894"},{"taxonomy":"product_cat","embeddable":true,"href":"https:\/\/www.bunterwaesche.com\/shop_ch\/wp-json\/wp\/v2\/product_cat?post=23894"},{"taxonomy":"product_tag","embeddable":true,"href":"https:\/\/www.bunterwaesche.com\/shop_ch\/wp-json\/wp\/v2\/product_tag?post=23894"}],"curies":[{"name":"wp","href":"https:\/\/api.w.org\/{rel}","templated":true}]}}