{"id":23924,"date":"2025-10-04T10:47:49","date_gmt":"2025-10-04T08:47:49","guid":{"rendered":"https:\/\/www.bunterwaesche.com\/shop_ch\/?post_type=product&#038;p=23924"},"modified":"2025-10-18T10:09:49","modified_gmt":"2025-10-18T08:09:49","slug":"naomi-kimono-daisy-dreams-red","status":"publish","type":"product","link":"https:\/\/www.bunterwaesche.com\/shop_ch\/produkt\/naomi-kimono-daisy-dreams-red\/","title":{"rendered":"Naomi Kimono Daisy Dreams Red"},"content":{"rendered":"<p>Der Naomi Kimono hat eine gerade Passform und weite \u00c4rmel. Dank des Bindeg\u00fcrtels kannst du selbst entscheiden, ob du den Kimono locker oder leicht tailliert tr\u00e4gst. Der Kimono ist aus einer flie\u00dfenden Viskosemischung gefertigt. Der Stoff f\u00fchlt sich weich an und bietet ultimativen Komfort beim Entspannen oder Aufstehen. Das Daisy Dreams Muster ist ein elegantes Design mit kleinen schwarz-wei\u00dfen Blumen, die sich vom tief gef\u00e4rbten Hintergrund abheben. Kombiniere diesen Kimono mit weiteren Teilen aus der Daisy Dreams Kollektion f\u00fcr einen vollst\u00e4ndigen und stilvollen Look. Unser blondes Model ist 180 cm gro\u00df, das br\u00fcnette Model ist 172 cm gro\u00df. Beide tragen Gr\u00f6\u00dfe M.<\/p>\n","protected":false},"excerpt":{"rendered":"<p>Der Naomi Kimono hat eine gerade Passform und weite \u00c4rmel. Dank des Bindeg\u00fcrtels kannst du selbst entscheiden, ob du den Kimono locker oder leicht tailliert tr\u00e4gst. Der Kimono ist aus einer flie\u00dfenden Viskosemischung gefertigt. Der Stoff f\u00fchlt sich weich an und bietet ultimativen Komfort beim Entspannen oder Aufstehen. Das Daisy Dreams Muster ist ein elegantes [&hellip;]<\/p>\n","protected":false},"featured_media":23946,"template":"","meta":[],"product_brand":[],"product_cat":[198],"product_tag":[513,180,88,191],"class_list":{"0":"post-23924","1":"product","2":"type-product","3":"status-publish","4":"has-post-thumbnail","6":"product_cat-morgenmantel","7":"product_tag-daisy","8":"product_tag-pip-studio","9":"product_tag-red","10":"product_tag-rot","11":"pa_groesse-l","12":"pa_groesse-m","13":"pa_groesse-s","14":"pa_groesse-xl","15":"pa_groesse-xs","16":"pa_groesse-xxl","18":"first","19":"instock","20":"taxable","21":"shipping-taxable","22":"purchasable","23":"product-type-variable"},"_links":{"self":[{"href":"https:\/\/www.bunterwaesche.com\/shop_ch\/wp-json\/wp\/v2\/product\/23924","targetHints":{"allow":["GET"]}}],"collection":[{"href":"https:\/\/www.bunterwaesche.com\/shop_ch\/wp-json\/wp\/v2\/product"}],"about":[{"href":"https:\/\/www.bunterwaesche.com\/shop_ch\/wp-json\/wp\/v2\/types\/product"}],"wp:featuredmedia":[{"embeddable":true,"href":"https:\/\/www.bunterwaesche.com\/shop_ch\/wp-json\/wp\/v2\/media\/23946"}],"wp:attachment":[{"href":"https:\/\/www.bunterwaesche.com\/shop_ch\/wp-json\/wp\/v2\/media?parent=23924"}],"wp:term":[{"taxonomy":"product_brand","embeddable":true,"href":"https:\/\/www.bunterwaesche.com\/shop_ch\/wp-json\/wp\/v2\/product_brand?post=23924"},{"taxonomy":"product_cat","embeddable":true,"href":"https:\/\/www.bunterwaesche.com\/shop_ch\/wp-json\/wp\/v2\/product_cat?post=23924"},{"taxonomy":"product_tag","embeddable":true,"href":"https:\/\/www.bunterwaesche.com\/shop_ch\/wp-json\/wp\/v2\/product_tag?post=23924"}],"curies":[{"name":"wp","href":"https:\/\/api.w.org\/{rel}","templated":true}]}}