{"id":23952,"date":"2025-10-04T11:06:25","date_gmt":"2025-10-04T09:06:25","guid":{"rendered":"https:\/\/www.bunterwaesche.com\/shop_ch\/?post_type=product&#038;p=23952"},"modified":"2025-10-16T17:03:15","modified_gmt":"2025-10-16T15:03:15","slug":"coco-cosmetic-bag-medium-samba-stripe-lime","status":"publish","type":"product","link":"https:\/\/www.bunterwaesche.com\/shop_ch\/produkt\/coco-cosmetic-bag-medium-samba-stripe-lime\/","title":{"rendered":"Coco Cosmetic Bag Medium Samba Stripe Lime"},"content":{"rendered":"<p>Deine Lieblingspflegeprodukte hast du nat\u00fcrlich am liebsten immer griffbereit. Mit unserer Samba-Kulturtasche ist das ganz einfach, sowohl zu Hause als auch auf Reisen. Diese Kulturtasche ist nicht nur praktisch, sondern auch ein echter Hingucker. Dekoriert mit dem Samba-Muster: einem bunten Zickzack-Streifen. F\u00e4llt dein Blick auch auf diese Sch\u00f6nheit? Die Ma\u00dfe der Kulturtasche sind: 21,5 x 10 x 10,5 cm.<\/p>\n","protected":false},"excerpt":{"rendered":"<p>Deine Lieblingspflegeprodukte hast du nat\u00fcrlich am liebsten immer griffbereit. Mit unserer Samba-Kulturtasche ist das ganz einfach, sowohl zu Hause als auch auf Reisen. Diese Kulturtasche ist nicht nur praktisch, sondern auch ein echter Hingucker. Dekoriert mit dem Samba-Muster: einem bunten Zickzack-Streifen. F\u00e4llt dein Blick auch auf diese Sch\u00f6nheit? Die Ma\u00dfe der Kulturtasche sind: 21,5 x [&hellip;]<\/p>\n","protected":false},"featured_media":24123,"template":"","meta":[],"product_brand":[],"product_cat":[455],"product_tag":[29,180,518],"class_list":{"0":"post-23952","1":"product","2":"type-product","3":"status-publish","4":"has-post-thumbnail","6":"product_cat-taschen","7":"product_tag-lime","8":"product_tag-pip-studio","9":"product_tag-samba","11":"first","12":"instock","13":"taxable","14":"shipping-taxable","15":"purchasable","16":"product-type-simple"},"_links":{"self":[{"href":"https:\/\/www.bunterwaesche.com\/shop_ch\/wp-json\/wp\/v2\/product\/23952","targetHints":{"allow":["GET"]}}],"collection":[{"href":"https:\/\/www.bunterwaesche.com\/shop_ch\/wp-json\/wp\/v2\/product"}],"about":[{"href":"https:\/\/www.bunterwaesche.com\/shop_ch\/wp-json\/wp\/v2\/types\/product"}],"wp:featuredmedia":[{"embeddable":true,"href":"https:\/\/www.bunterwaesche.com\/shop_ch\/wp-json\/wp\/v2\/media\/24123"}],"wp:attachment":[{"href":"https:\/\/www.bunterwaesche.com\/shop_ch\/wp-json\/wp\/v2\/media?parent=23952"}],"wp:term":[{"taxonomy":"product_brand","embeddable":true,"href":"https:\/\/www.bunterwaesche.com\/shop_ch\/wp-json\/wp\/v2\/product_brand?post=23952"},{"taxonomy":"product_cat","embeddable":true,"href":"https:\/\/www.bunterwaesche.com\/shop_ch\/wp-json\/wp\/v2\/product_cat?post=23952"},{"taxonomy":"product_tag","embeddable":true,"href":"https:\/\/www.bunterwaesche.com\/shop_ch\/wp-json\/wp\/v2\/product_tag?post=23952"}],"curies":[{"name":"wp","href":"https:\/\/api.w.org\/{rel}","templated":true}]}}