{"id":23954,"date":"2025-10-04T11:06:32","date_gmt":"2025-10-04T09:06:32","guid":{"rendered":"https:\/\/www.bunterwaesche.com\/shop_ch\/?post_type=product&#038;p=23954"},"modified":"2025-10-16T15:22:05","modified_gmt":"2025-10-16T13:22:05","slug":"coco-cosmetic-bag-medium-daisy-dreams-blue","status":"publish","type":"product","link":"https:\/\/www.bunterwaesche.com\/shop_ch\/produkt\/coco-cosmetic-bag-medium-daisy-dreams-blue\/","title":{"rendered":"Coco Cosmetic Bag Medium Daisy Dreams blue"},"content":{"rendered":"<p>Die Necessaire Coco Mittelgross ist ein charmantes T\u00e4schchen f\u00fcr all deine Beauty-Essentials. Mit ihrem Format von 21,5x10x10,5cm passt sie problemlos in deine Tasche oder deinen Koffer. Das Daisy Dreams-Muster ist ein elegantes Design aus kleinen schwarz-wei\u00dfen Blumen, die sich leuchtend vom tief gef\u00e4rbten Hintergrund abheben. Ideal f\u00fcr unterwegs oder als farbenfrohe Erg\u00e4nzung f\u00fcrs Badezimmer. Kombiniere sie mit einer passenden Tragetasche oder Reisetasche aus der Daisy Dreams-Kollektion f\u00fcr ein komplettes Set.<\/p>\n","protected":false},"excerpt":{"rendered":"<p>Die Necessaire Coco Mittelgross ist ein charmantes T\u00e4schchen f\u00fcr all deine Beauty-Essentials. Mit ihrem Format von 21,5x10x10,5cm passt sie problemlos in deine Tasche oder deinen Koffer. Das Daisy Dreams-Muster ist ein elegantes Design aus kleinen schwarz-wei\u00dfen Blumen, die sich leuchtend vom tief gef\u00e4rbten Hintergrund abheben. Ideal f\u00fcr unterwegs oder als farbenfrohe Erg\u00e4nzung f\u00fcrs Badezimmer. Kombiniere [&hellip;]<\/p>\n","protected":false},"featured_media":24060,"template":"","meta":[],"product_brand":[],"product_cat":[455],"product_tag":[92,513,180],"class_list":{"0":"post-23954","1":"product","2":"type-product","3":"status-publish","4":"has-post-thumbnail","6":"product_cat-taschen","7":"product_tag-blue","8":"product_tag-daisy","9":"product_tag-pip-studio","11":"first","12":"instock","13":"taxable","14":"shipping-taxable","15":"purchasable","16":"product-type-simple"},"_links":{"self":[{"href":"https:\/\/www.bunterwaesche.com\/shop_ch\/wp-json\/wp\/v2\/product\/23954","targetHints":{"allow":["GET"]}}],"collection":[{"href":"https:\/\/www.bunterwaesche.com\/shop_ch\/wp-json\/wp\/v2\/product"}],"about":[{"href":"https:\/\/www.bunterwaesche.com\/shop_ch\/wp-json\/wp\/v2\/types\/product"}],"wp:featuredmedia":[{"embeddable":true,"href":"https:\/\/www.bunterwaesche.com\/shop_ch\/wp-json\/wp\/v2\/media\/24060"}],"wp:attachment":[{"href":"https:\/\/www.bunterwaesche.com\/shop_ch\/wp-json\/wp\/v2\/media?parent=23954"}],"wp:term":[{"taxonomy":"product_brand","embeddable":true,"href":"https:\/\/www.bunterwaesche.com\/shop_ch\/wp-json\/wp\/v2\/product_brand?post=23954"},{"taxonomy":"product_cat","embeddable":true,"href":"https:\/\/www.bunterwaesche.com\/shop_ch\/wp-json\/wp\/v2\/product_cat?post=23954"},{"taxonomy":"product_tag","embeddable":true,"href":"https:\/\/www.bunterwaesche.com\/shop_ch\/wp-json\/wp\/v2\/product_tag?post=23954"}],"curies":[{"name":"wp","href":"https:\/\/api.w.org\/{rel}","templated":true}]}}