{"id":23960,"date":"2025-10-04T11:08:28","date_gmt":"2025-10-04T09:08:28","guid":{"rendered":"https:\/\/www.bunterwaesche.com\/shop_ch\/?post_type=product&#038;p=23960"},"modified":"2025-10-18T09:46:45","modified_gmt":"2025-10-18T07:46:45","slug":"cooper-cosmetic-purse-medium-jabali-green","status":"publish","type":"product","link":"https:\/\/www.bunterwaesche.com\/shop_ch\/produkt\/cooper-cosmetic-purse-medium-jabali-green\/","title":{"rendered":"Cooper Cosmetic Purse Medium Jabali green"},"content":{"rendered":"<p>Die Kosmetiktasche Cooper Mittelgross ist eine kompakte Tasche mit Charakter. Das Format von 22,5&#215;9,5x15cm bietet ausreichend Platz f\u00fcr deine t\u00e4glichen Beauty-Essentials. Au\u00dferdem verf\u00fcgt diese Tasche \u00fcber zwei F\u00e4cher perfekt f\u00fcr deine wichtigsten Dinge! Das Jabali-Muster ist besonders fein gearbeitet. Es besteht aus vielen kleinen Bl\u00fcmchen und Bl\u00e4ttern, die zusammen ein Muster aus dekorativen B\u00f6gen bilden. Kombiniere sie mit einer passenden Reisetasche oder Tragetasche aus der Jabali-Kollektion f\u00fcr ein farbenfrohes und praktisches Set.<\/p>\n","protected":false},"excerpt":{"rendered":"<p>Die Kosmetiktasche Cooper Mittelgross ist eine kompakte Tasche mit Charakter. Das Format von 22,5&#215;9,5x15cm bietet ausreichend Platz f\u00fcr deine t\u00e4glichen Beauty-Essentials. Au\u00dferdem verf\u00fcgt diese Tasche \u00fcber zwei F\u00e4cher perfekt f\u00fcr deine wichtigsten Dinge! Das Jabali-Muster ist besonders fein gearbeitet. Es besteht aus vielen kleinen Bl\u00fcmchen und Bl\u00e4ttern, die zusammen ein Muster aus dekorativen B\u00f6gen bilden. [&hellip;]<\/p>\n","protected":false},"featured_media":24072,"template":"","meta":[],"product_brand":[],"product_cat":[455],"product_tag":[94,197,501,180],"class_list":{"0":"post-23960","1":"product","2":"type-product","3":"status-publish","4":"has-post-thumbnail","6":"product_cat-taschen","7":"product_tag-green","8":"product_tag-gruen","9":"product_tag-jabali","10":"product_tag-pip-studio","12":"first","13":"instock","14":"taxable","15":"shipping-taxable","16":"purchasable","17":"product-type-simple"},"_links":{"self":[{"href":"https:\/\/www.bunterwaesche.com\/shop_ch\/wp-json\/wp\/v2\/product\/23960","targetHints":{"allow":["GET"]}}],"collection":[{"href":"https:\/\/www.bunterwaesche.com\/shop_ch\/wp-json\/wp\/v2\/product"}],"about":[{"href":"https:\/\/www.bunterwaesche.com\/shop_ch\/wp-json\/wp\/v2\/types\/product"}],"wp:featuredmedia":[{"embeddable":true,"href":"https:\/\/www.bunterwaesche.com\/shop_ch\/wp-json\/wp\/v2\/media\/24072"}],"wp:attachment":[{"href":"https:\/\/www.bunterwaesche.com\/shop_ch\/wp-json\/wp\/v2\/media?parent=23960"}],"wp:term":[{"taxonomy":"product_brand","embeddable":true,"href":"https:\/\/www.bunterwaesche.com\/shop_ch\/wp-json\/wp\/v2\/product_brand?post=23960"},{"taxonomy":"product_cat","embeddable":true,"href":"https:\/\/www.bunterwaesche.com\/shop_ch\/wp-json\/wp\/v2\/product_cat?post=23960"},{"taxonomy":"product_tag","embeddable":true,"href":"https:\/\/www.bunterwaesche.com\/shop_ch\/wp-json\/wp\/v2\/product_tag?post=23960"}],"curies":[{"name":"wp","href":"https:\/\/api.w.org\/{rel}","templated":true}]}}