{"id":23961,"date":"2025-10-04T11:08:31","date_gmt":"2025-10-04T09:08:31","guid":{"rendered":"https:\/\/www.bunterwaesche.com\/shop_ch\/?post_type=product&#038;p=23961"},"modified":"2025-10-18T09:44:49","modified_gmt":"2025-10-18T07:44:49","slug":"cooper-cosmetic-purse-extra-large-jabali-red","status":"publish","type":"product","link":"https:\/\/www.bunterwaesche.com\/shop_ch\/produkt\/cooper-cosmetic-purse-extra-large-jabali-red\/","title":{"rendered":"Cooper Cosmetic Purse Extra Large Jabali Red"},"content":{"rendered":"<p>Kosmetiktasche Cooper Extra Gro\u00df ist eine ger\u00e4umige Tasche mit dem unverkennbaren Pip-Charakter. Das gro\u00dfz\u00fcgige Format von 30&#215;13,8&#215;20,7cm bietet Platz f\u00fcr all deine Pflegeprodukte. Au\u00dferdem verf\u00fcgt diese Kosmetiktasche \u00fcber drei F\u00e4cher perfekt f\u00fcr deine Essentials! Das Jabali-Muster ist besonders fein gearbeitet. Es besteht aus vielen kleinen Bl\u00fcmchen und Bl\u00e4ttern, die zusammen ein Muster aus dekorativen B\u00f6gen bilden. Perfekt kombinierbar mit weiteren Reiseartikeln aus der Jabali-Kollektion f\u00fcr ein stilvolles Set..<\/p>\n","protected":false},"excerpt":{"rendered":"<p>Kosmetiktasche Cooper Extra Gro\u00df ist eine ger\u00e4umige Tasche mit dem unverkennbaren Pip-Charakter. Das gro\u00dfz\u00fcgige Format von 30&#215;13,8&#215;20,7cm bietet Platz f\u00fcr all deine Pflegeprodukte. Au\u00dferdem verf\u00fcgt diese Kosmetiktasche \u00fcber drei F\u00e4cher perfekt f\u00fcr deine Essentials! Das Jabali-Muster ist besonders fein gearbeitet. Es besteht aus vielen kleinen Bl\u00fcmchen und Bl\u00e4ttern, die zusammen ein Muster aus dekorativen B\u00f6gen [&hellip;]<\/p>\n","protected":false},"featured_media":24075,"template":"","meta":[],"product_brand":[],"product_cat":[455],"product_tag":[501,96,180,88],"class_list":{"0":"post-23961","1":"product","2":"type-product","3":"status-publish","4":"has-post-thumbnail","6":"product_cat-taschen","7":"product_tag-jabali","8":"product_tag-pink","9":"product_tag-pip-studio","10":"product_tag-red","12":"first","13":"instock","14":"taxable","15":"shipping-taxable","16":"purchasable","17":"product-type-simple"},"_links":{"self":[{"href":"https:\/\/www.bunterwaesche.com\/shop_ch\/wp-json\/wp\/v2\/product\/23961","targetHints":{"allow":["GET"]}}],"collection":[{"href":"https:\/\/www.bunterwaesche.com\/shop_ch\/wp-json\/wp\/v2\/product"}],"about":[{"href":"https:\/\/www.bunterwaesche.com\/shop_ch\/wp-json\/wp\/v2\/types\/product"}],"wp:featuredmedia":[{"embeddable":true,"href":"https:\/\/www.bunterwaesche.com\/shop_ch\/wp-json\/wp\/v2\/media\/24075"}],"wp:attachment":[{"href":"https:\/\/www.bunterwaesche.com\/shop_ch\/wp-json\/wp\/v2\/media?parent=23961"}],"wp:term":[{"taxonomy":"product_brand","embeddable":true,"href":"https:\/\/www.bunterwaesche.com\/shop_ch\/wp-json\/wp\/v2\/product_brand?post=23961"},{"taxonomy":"product_cat","embeddable":true,"href":"https:\/\/www.bunterwaesche.com\/shop_ch\/wp-json\/wp\/v2\/product_cat?post=23961"},{"taxonomy":"product_tag","embeddable":true,"href":"https:\/\/www.bunterwaesche.com\/shop_ch\/wp-json\/wp\/v2\/product_tag?post=23961"}],"curies":[{"name":"wp","href":"https:\/\/api.w.org\/{rel}","templated":true}]}}