{"id":24127,"date":"2025-10-16T17:10:12","date_gmt":"2025-10-16T15:10:12","guid":{"rendered":"https:\/\/www.bunterwaesche.com\/shop_ch\/?post_type=product&#038;p=24127"},"modified":"2025-10-16T17:26:52","modified_gmt":"2025-10-16T15:26:52","slug":"cooper-purse-large-matata-green","status":"publish","type":"product","link":"https:\/\/www.bunterwaesche.com\/shop_ch\/produkt\/cooper-purse-large-matata-green\/","title":{"rendered":"Cooper Purse Large Matata green"},"content":{"rendered":"<p>Mit dieser Kulturtasche aus der Matata-Kollektion hast du deine Lieblingspflegeprodukte immer griffbereit. Der Matata-Print besteht aus gro\u00dfen Blumen und Bl\u00e4ttern, die von afrikanischen Waxprints inspiriert sind. Die Blumen sind mit gepunkteten R\u00e4ndern, Streifen und anderen verspielten Details verziert. Diese farbenfrohe und detailreiche Kulturtasche ist ein echter Hingucker. Die Kulturtasche verf\u00fcgt \u00fcber ein gro\u00dfes Fach mit einer kleinen Rei\u00dfverschlusstasche und zwei Einsteckf\u00e4chern im Inneren. Innen ist die Tasche mit einem Streifenmuster versehen. Die Ma\u00dfe der Kulturtasche sind: 26 x 18 x 12 cm.<\/p>\n","protected":false},"excerpt":{"rendered":"<p>Mit dieser Kulturtasche aus der Matata-Kollektion hast du deine Lieblingspflegeprodukte immer griffbereit. Der Matata-Print besteht aus gro\u00dfen Blumen und Bl\u00e4ttern, die von afrikanischen Waxprints inspiriert sind. Die Blumen sind mit gepunkteten R\u00e4ndern, Streifen und anderen verspielten Details verziert. Diese farbenfrohe und detailreiche Kulturtasche ist ein echter Hingucker. Die Kulturtasche verf\u00fcgt \u00fcber ein gro\u00dfes Fach mit [&hellip;]<\/p>\n","protected":false},"featured_media":24170,"template":"","meta":[],"product_brand":[],"product_cat":[455],"product_tag":[94,197,493,180],"class_list":{"0":"post-24127","1":"product","2":"type-product","3":"status-publish","4":"has-post-thumbnail","6":"product_cat-taschen","7":"product_tag-green","8":"product_tag-gruen","9":"product_tag-matata","10":"product_tag-pip-studio","12":"first","13":"instock","14":"taxable","15":"shipping-taxable","16":"purchasable","17":"product-type-simple"},"_links":{"self":[{"href":"https:\/\/www.bunterwaesche.com\/shop_ch\/wp-json\/wp\/v2\/product\/24127","targetHints":{"allow":["GET"]}}],"collection":[{"href":"https:\/\/www.bunterwaesche.com\/shop_ch\/wp-json\/wp\/v2\/product"}],"about":[{"href":"https:\/\/www.bunterwaesche.com\/shop_ch\/wp-json\/wp\/v2\/types\/product"}],"wp:featuredmedia":[{"embeddable":true,"href":"https:\/\/www.bunterwaesche.com\/shop_ch\/wp-json\/wp\/v2\/media\/24170"}],"wp:attachment":[{"href":"https:\/\/www.bunterwaesche.com\/shop_ch\/wp-json\/wp\/v2\/media?parent=24127"}],"wp:term":[{"taxonomy":"product_brand","embeddable":true,"href":"https:\/\/www.bunterwaesche.com\/shop_ch\/wp-json\/wp\/v2\/product_brand?post=24127"},{"taxonomy":"product_cat","embeddable":true,"href":"https:\/\/www.bunterwaesche.com\/shop_ch\/wp-json\/wp\/v2\/product_cat?post=24127"},{"taxonomy":"product_tag","embeddable":true,"href":"https:\/\/www.bunterwaesche.com\/shop_ch\/wp-json\/wp\/v2\/product_tag?post=24127"}],"curies":[{"name":"wp","href":"https:\/\/api.w.org\/{rel}","templated":true}]}}