{"id":24187,"date":"2025-10-18T09:08:25","date_gmt":"2025-10-18T07:08:25","guid":{"rendered":"https:\/\/www.bunterwaesche.com\/shop_ch\/?post_type=product&#038;p=24187"},"modified":"2025-10-18T09:41:10","modified_gmt":"2025-10-18T07:41:10","slug":"finlee-backpack-jabali-red","status":"publish","type":"product","link":"https:\/\/www.bunterwaesche.com\/shop_ch\/produkt\/finlee-backpack-jabali-red\/","title":{"rendered":"Finlee Backpack Jabali Red"},"content":{"rendered":"<p>Der Rucksack Finlee ist ein farbenfroher Rucksack mit einem verspielten Look. Mit seinem Format von 28x11x36cm bietet er genug Platz f\u00fcr deine t\u00e4glichen Essentials, eine Wasserflasche oder ein Tablet. Die verstellbaren Schultergurte sorgen f\u00fcr zus\u00e4tzlichen Tragekomfort, und im Inneren findest du mehrere F\u00e4cher f\u00fcr all deine kleinen Dinge. Das Jabali-Muster ist besonders fein gearbeitet. Es besteht aus vielen kleinen Bl\u00fcmchen und Bl\u00e4ttern, die zusammen ein Muster aus dekorativen B\u00f6gen bilden. Kombiniere ihn mit der Jabali-Geldb\u00f6rse oder -Umh\u00e4ngetasche f\u00fcr ein stilvolles Set voller Farbe und Charakter.<\/p>\n","protected":false},"excerpt":{"rendered":"<p>Der Rucksack Finlee ist ein farbenfroher Rucksack mit einem verspielten Look. Mit seinem Format von 28x11x36cm bietet er genug Platz f\u00fcr deine t\u00e4glichen Essentials, eine Wasserflasche oder ein Tablet. Die verstellbaren Schultergurte sorgen f\u00fcr zus\u00e4tzlichen Tragekomfort, und im Inneren findest du mehrere F\u00e4cher f\u00fcr all deine kleinen Dinge. Das Jabali-Muster ist besonders fein gearbeitet. Es [&hellip;]<\/p>\n","protected":false},"featured_media":24236,"template":"","meta":[],"product_brand":[],"product_cat":[519],"product_tag":[501,180,88],"class_list":{"0":"post-24187","1":"product","2":"type-product","3":"status-publish","4":"has-post-thumbnail","6":"product_cat-taschen-2","7":"product_tag-jabali","8":"product_tag-pip-studio","9":"product_tag-red","11":"first","12":"instock","13":"taxable","14":"shipping-taxable","15":"purchasable","16":"product-type-simple"},"_links":{"self":[{"href":"https:\/\/www.bunterwaesche.com\/shop_ch\/wp-json\/wp\/v2\/product\/24187","targetHints":{"allow":["GET"]}}],"collection":[{"href":"https:\/\/www.bunterwaesche.com\/shop_ch\/wp-json\/wp\/v2\/product"}],"about":[{"href":"https:\/\/www.bunterwaesche.com\/shop_ch\/wp-json\/wp\/v2\/types\/product"}],"wp:featuredmedia":[{"embeddable":true,"href":"https:\/\/www.bunterwaesche.com\/shop_ch\/wp-json\/wp\/v2\/media\/24236"}],"wp:attachment":[{"href":"https:\/\/www.bunterwaesche.com\/shop_ch\/wp-json\/wp\/v2\/media?parent=24187"}],"wp:term":[{"taxonomy":"product_brand","embeddable":true,"href":"https:\/\/www.bunterwaesche.com\/shop_ch\/wp-json\/wp\/v2\/product_brand?post=24187"},{"taxonomy":"product_cat","embeddable":true,"href":"https:\/\/www.bunterwaesche.com\/shop_ch\/wp-json\/wp\/v2\/product_cat?post=24187"},{"taxonomy":"product_tag","embeddable":true,"href":"https:\/\/www.bunterwaesche.com\/shop_ch\/wp-json\/wp\/v2\/product_tag?post=24187"}],"curies":[{"name":"wp","href":"https:\/\/api.w.org\/{rel}","templated":true}]}}