{"id":24190,"date":"2025-10-18T09:08:33","date_gmt":"2025-10-18T07:08:33","guid":{"rendered":"https:\/\/www.bunterwaesche.com\/shop_ch\/?post_type=product&#038;p=24190"},"modified":"2025-10-18T09:51:02","modified_gmt":"2025-10-18T07:51:02","slug":"tovy-weekend-bag-medium-jabali-green","status":"publish","type":"product","link":"https:\/\/www.bunterwaesche.com\/shop_ch\/produkt\/tovy-weekend-bag-medium-jabali-green\/","title":{"rendered":"Tovy Weekend Bag Medium Jabali green"},"content":{"rendered":"<p>Die Reisetasche Tovy Mittelgross ist ideal f\u00fcr eine spontane \u00dcbernachtung oder einen kurzen Trip. Mit ihrem Format von 57x22x37cm bietet sie \u00fcberraschend viel Platz, ohne zu gro\u00df zu sein. Das Jabali-Muster ist besonders fein gearbeitet. Es besteht aus vielen kleinen Bl\u00fcmchen und Bl\u00e4ttern, die zusammen ein Muster aus dekorativen B\u00f6gen bilden. Kombiniere sie mit einer passenden Geldb\u00f6rse oder Handytasche aus der Jabali-Kollektion f\u00fcr einen farbenfrohen, vollst\u00e4ndigen Reisestil.<\/p>\n","protected":false},"excerpt":{"rendered":"<p>Die Reisetasche Tovy Mittelgross ist ideal f\u00fcr eine spontane \u00dcbernachtung oder einen kurzen Trip. Mit ihrem Format von 57x22x37cm bietet sie \u00fcberraschend viel Platz, ohne zu gro\u00df zu sein. Das Jabali-Muster ist besonders fein gearbeitet. Es besteht aus vielen kleinen Bl\u00fcmchen und Bl\u00e4ttern, die zusammen ein Muster aus dekorativen B\u00f6gen bilden. Kombiniere sie mit einer [&hellip;]<\/p>\n","protected":false},"featured_media":24217,"template":"","meta":[],"product_brand":[],"product_cat":[519],"product_tag":[94,197,501,180],"class_list":{"0":"post-24190","1":"product","2":"type-product","3":"status-publish","4":"has-post-thumbnail","6":"product_cat-taschen-2","7":"product_tag-green","8":"product_tag-gruen","9":"product_tag-jabali","10":"product_tag-pip-studio","12":"first","13":"instock","14":"taxable","15":"shipping-taxable","16":"purchasable","17":"product-type-simple"},"_links":{"self":[{"href":"https:\/\/www.bunterwaesche.com\/shop_ch\/wp-json\/wp\/v2\/product\/24190","targetHints":{"allow":["GET"]}}],"collection":[{"href":"https:\/\/www.bunterwaesche.com\/shop_ch\/wp-json\/wp\/v2\/product"}],"about":[{"href":"https:\/\/www.bunterwaesche.com\/shop_ch\/wp-json\/wp\/v2\/types\/product"}],"wp:featuredmedia":[{"embeddable":true,"href":"https:\/\/www.bunterwaesche.com\/shop_ch\/wp-json\/wp\/v2\/media\/24217"}],"wp:attachment":[{"href":"https:\/\/www.bunterwaesche.com\/shop_ch\/wp-json\/wp\/v2\/media?parent=24190"}],"wp:term":[{"taxonomy":"product_brand","embeddable":true,"href":"https:\/\/www.bunterwaesche.com\/shop_ch\/wp-json\/wp\/v2\/product_brand?post=24190"},{"taxonomy":"product_cat","embeddable":true,"href":"https:\/\/www.bunterwaesche.com\/shop_ch\/wp-json\/wp\/v2\/product_cat?post=24190"},{"taxonomy":"product_tag","embeddable":true,"href":"https:\/\/www.bunterwaesche.com\/shop_ch\/wp-json\/wp\/v2\/product_tag?post=24190"}],"curies":[{"name":"wp","href":"https:\/\/api.w.org\/{rel}","templated":true}]}}